{"id":423,"date":"2011-08-15T19:09:48","date_gmt":"2011-08-15T18:09:48","guid":{"rendered":"http:\/\/fpmaaixmarseille.free.fr\/fpmaam\/?page_id=423"},"modified":"2014-07-27T17:15:17","modified_gmt":"2014-07-27T17:15:17","slug":"tanora-kristiana-jeunes-chretiens","status":"publish","type":"page","link":"https:\/\/fpmaam.org\/ministere\/sengager\/sections-sampana\/tanora-kristiana-jeunes-chretiens\/","title":{"rendered":"Tanora Kristiana &#8211; Jeunes Chr\u00e9tiens"},"content":{"rendered":"<p>&nbsp;<\/p>\n<p>&nbsp;<\/p>\n<p><a href=\"http:\/\/fpmaaixmarseille.free.fr\/fpmaam\/wp-content\/uploads\/stkam.jpg\">\u00a0<\/a><\/p>\n<p><img loading=\"lazy\" class=\" wp-image-1287 alignleft\" src=\"https:\/\/fpmaam.org\/ministere\/wp-content\/uploads\/2011\/08\/Logo.002.png\" alt=\"Logo.002\" width=\"192\" height=\"192\" srcset=\"https:\/\/fpmaam.org\/ministere\/wp-content\/uploads\/2011\/08\/Logo.002.png 400w, https:\/\/fpmaam.org\/ministere\/wp-content\/uploads\/2011\/08\/Logo.002-150x150.png 150w, https:\/\/fpmaam.org\/ministere\/wp-content\/uploads\/2011\/08\/Logo.002-300x300.png 300w\" sizes=\"(max-width: 192px) 100vw, 192px\" \/><\/p>\n<p>L\u2019objectif des STK est l\u2019\u00e9dification spirituelle des Jeunes de l\u2019Eglise.<\/p>\n<div id=\"attachment_1433\" style=\"width: 584px\" class=\"wp-caption alignright\"><a href=\"https:\/\/fpmaam.org\/ministere\/wp-content\/uploads\/2011\/08\/IMG_6073.jpg\"><img aria-describedby=\"caption-attachment-1433\" loading=\"lazy\" class=\" wp-image-1433  \" src=\"https:\/\/fpmaam.org\/ministere\/wp-content\/uploads\/2011\/08\/IMG_6073-1024x576.jpg\" alt=\"STKAM 20 ans\" width=\"574\" height=\"322\" srcset=\"https:\/\/fpmaam.org\/ministere\/wp-content\/uploads\/2011\/08\/IMG_6073-1024x576.jpg 1024w, https:\/\/fpmaam.org\/ministere\/wp-content\/uploads\/2011\/08\/IMG_6073-300x168.jpg 300w, https:\/\/fpmaam.org\/ministere\/wp-content\/uploads\/2011\/08\/IMG_6073.jpg 1280w\" sizes=\"(max-width: 574px) 100vw, 574px\" \/><\/a><p id=\"caption-attachment-1433\" class=\"wp-caption-text\">STKAM 20 ans<\/p><\/div>\n<p>Nous nous r\u00e9unissons tous les 1ers samedis du mois au temple Grignan.<\/p>\n<p>&nbsp;<\/p>\n<p>&nbsp;<\/p>\n<p>Nous organisons \u00e9galement des activit\u00e9s ludiques, des repas afin de rassembler les jeunes lors de moments de convivialit\u00e9.<\/p>\n<p>Chaque ann\u00e9e, pour notre lev\u00e9e de fond nous pr\u00e9parons une grande activit\u00e9 (concert, com\u00e9die musicale ou autre\u2026) afin de financer le d\u00e9placement du groupe pour les rencontres r\u00e9gionales et nationales qui ont lieu chaque ann\u00e9e pendant l\u2019\u00e9t\u00e9.<\/p>\n<p>&nbsp;<\/p>\n<p>&nbsp;<\/p>\n<p>&nbsp;<\/p>\n<p><a href=\"https:\/\/fpmaam.org\/ministere\/wp-content\/uploads\/2010\/11\/stkam.jpg\"><img loading=\"lazy\" class=\"alignnone size-medium wp-image-436\" title=\"stkam\" src=\"https:\/\/fpmaam.org\/ministere\/wp-content\/uploads\/2010\/11\/stkam-300x225.jpg\" alt=\"\" width=\"300\" height=\"225\" srcset=\"https:\/\/fpmaam.org\/ministere\/wp-content\/uploads\/2010\/11\/stkam-300x225.jpg 300w, https:\/\/fpmaam.org\/ministere\/wp-content\/uploads\/2010\/11\/stkam.jpg 604w\" sizes=\"(max-width: 300px) 100vw, 300px\" \/><\/a>\u00a0\u00a0<a href=\"http:\/\/fpmaaixmarseille.free.fr\/fpmaam\/wp-content\/uploads\/stkam.jpg\"><img loading=\"lazy\" title=\"stkam\" src=\"http:\/\/fpmaaixmarseille.free.fr\/fpmaam\/wp-content\/uploads\/stkam.jpg\" alt=\"\" width=\"466\" height=\"322\" \/><\/a><\/p>\n<p>&nbsp;<\/p>\n<p>le site : <a title=\"STK Aix Marseille - Groupe de jeunes chr\u00e9tiens malgaches\" href=\"http:\/\/stkam.fpmaam.org\" target=\"_blank\">http:\/\/stkam.fpmaam.org<\/a><\/p>\n<p>Contact : <a href=\"mailto:stkam@fpmaam.org\">stkam@fpmaam.org<\/a><\/p>\n<p>&nbsp;<\/p>\n<p>Articles sur les jeunes :<\/p>\n<p>[catlist name=STKAM thumbnail_size=32,32 thumbnail=yes numberposts=-1]<\/p>\n","protected":false},"excerpt":{"rendered":"<p>&nbsp; &nbsp; \u00a0 L\u2019objectif des STK est l\u2019\u00e9dification spirituelle des Jeunes de l\u2019Eglise. [&hellip;]<\/p>\n","protected":false},"author":2,"featured_media":0,"parent":411,"menu_order":4,"comment_status":"open","ping_status":"open","template":"","meta":[],"_links":{"self":[{"href":"https:\/\/fpmaam.org\/ministere\/wp-json\/wp\/v2\/pages\/423"}],"collection":[{"href":"https:\/\/fpmaam.org\/ministere\/wp-json\/wp\/v2\/pages"}],"about":[{"href":"https:\/\/fpmaam.org\/ministere\/wp-json\/wp\/v2\/types\/page"}],"author":[{"embeddable":true,"href":"https:\/\/fpmaam.org\/ministere\/wp-json\/wp\/v2\/users\/2"}],"replies":[{"embeddable":true,"href":"https:\/\/fpmaam.org\/ministere\/wp-json\/wp\/v2\/comments?post=423"}],"version-history":[{"count":6,"href":"https:\/\/fpmaam.org\/ministere\/wp-json\/wp\/v2\/pages\/423\/revisions"}],"predecessor-version":[{"id":2104,"href":"https:\/\/fpmaam.org\/ministere\/wp-json\/wp\/v2\/pages\/423\/revisions\/2104"}],"up":[{"embeddable":true,"href":"https:\/\/fpmaam.org\/ministere\/wp-json\/wp\/v2\/pages\/411"}],"wp:attachment":[{"href":"https:\/\/fpmaam.org\/ministere\/wp-json\/wp\/v2\/media?parent=423"}],"curies":[{"name":"wp","href":"https:\/\/api.w.org\/{rel}","templated":true}]}}