{"id":425,"date":"2011-08-15T19:11:06","date_gmt":"2011-08-15T18:11:06","guid":{"rendered":"http:\/\/fpmaaixmarseille.free.fr\/fpmaam\/?page_id=425"},"modified":"2011-08-15T19:11:06","modified_gmt":"2011-08-15T18:11:06","slug":"vehivavy-kristiana-dames-chretiennes","status":"publish","type":"page","link":"https:\/\/fpmaam.org\/ministere\/sengager\/sections-sampana\/vehivavy-kristiana-dames-chretiennes\/","title":{"rendered":"Vehivavy Kristiana &#8211; Dames Chr\u00e9tiennes"},"content":{"rendered":"<p><a href=\"http:\/\/fpmaaixmarseille.free.fr\/fpmaam\/wp-content\/uploads\/svkam.jpg\"><img loading=\"lazy\" class=\"alignnone size-full wp-image-497\" title=\"svkam\" src=\"http:\/\/fpmaaixmarseille.free.fr\/fpmaam\/wp-content\/uploads\/svkam.jpg\" alt=\"\" width=\"745\" height=\"415\" \/><\/a><\/p>\n<p>Le SVK ou groupe des femmes chr\u00e9tiennes est une des sections vivantes au sein de la FPMA.<\/p>\n<p>Il compte 72 membres dont 40 sont actifs.<\/p>\n<p>L\u2019objectif principal du groupe est l\u2019\u00e9vang\u00e9lisation, c\u2019est \u00e0 dire inciter et encourager les femmes \u00e0 suivre le christ, \u00e0 accepter et \u00e0 reconna\u00eetre J\u00e9sus comme leur sauveur.<\/p>\n<p>Notre but est de faire participer toutes les femmes de l\u2019Eglise.<\/p>\n<p>Les activit\u00e9s du Sampana sont:<\/p>\n<p>&#8211; Etude biblique<\/p>\n<p>&#8211; Pr\u00e9paration des repas et collations \u00e0 l\u2019Eglise<\/p>\n<p>&#8211; D\u00e9coration florale de l\u2019\u00e9glise<\/p>\n<p>&#8211; \u0152uvre sociale : maladie, d\u00e9c\u00e8s, mariage, naissance<\/p>\n<p>En cas de besoin, des r\u00e9unions ponctuelles sont organis\u00e9es par les membres du bureau. Mais, toutes d\u00e9cisions sont prises par l\u2019Assembl\u00e9e G\u00e9n\u00e9rale.<\/p>\n<p>Contact : <a href=\"mailto:svk@fpmaam.org\">svk@fpmaam.org<\/a><\/p>\n","protected":false},"excerpt":{"rendered":"<p>Le SVK ou groupe des femmes chr\u00e9tiennes est une des sections vivantes au [&hellip;]<\/p>\n","protected":false},"author":2,"featured_media":0,"parent":411,"menu_order":5,"comment_status":"open","ping_status":"open","template":"","meta":[],"_links":{"self":[{"href":"https:\/\/fpmaam.org\/ministere\/wp-json\/wp\/v2\/pages\/425"}],"collection":[{"href":"https:\/\/fpmaam.org\/ministere\/wp-json\/wp\/v2\/pages"}],"about":[{"href":"https:\/\/fpmaam.org\/ministere\/wp-json\/wp\/v2\/types\/page"}],"author":[{"embeddable":true,"href":"https:\/\/fpmaam.org\/ministere\/wp-json\/wp\/v2\/users\/2"}],"replies":[{"embeddable":true,"href":"https:\/\/fpmaam.org\/ministere\/wp-json\/wp\/v2\/comments?post=425"}],"version-history":[{"count":0,"href":"https:\/\/fpmaam.org\/ministere\/wp-json\/wp\/v2\/pages\/425\/revisions"}],"up":[{"embeddable":true,"href":"https:\/\/fpmaam.org\/ministere\/wp-json\/wp\/v2\/pages\/411"}],"wp:attachment":[{"href":"https:\/\/fpmaam.org\/ministere\/wp-json\/wp\/v2\/media?parent=425"}],"curies":[{"name":"wp","href":"https:\/\/api.w.org\/{rel}","templated":true}]}}