{"id":427,"date":"2011-08-15T19:12:18","date_gmt":"2011-08-15T18:12:18","guid":{"rendered":"http:\/\/fpmaaixmarseille.free.fr\/fpmaam\/?page_id=427"},"modified":"2013-08-03T14:55:49","modified_gmt":"2013-08-03T14:55:49","slug":"zavamaneno-groupe-dinstrumental","status":"publish","type":"page","link":"https:\/\/fpmaam.org\/ministere\/sengager\/sections-sampana\/zavamaneno-groupe-dinstrumental\/","title":{"rendered":"Zavamaneno &#8211; Groupe d&rsquo;instrumental"},"content":{"rendered":"<blockquote><p><span style=\"color: #000000;\"><em>All\u00e9luia, vive le Seigneur !<\/em><\/span><br \/>\n<span style=\"color: #000000;\"><em>Acclamez Dieu dans son temple,<\/em><\/span><br \/>\n<span style=\"color: #000000;\"><em>acclamez-le sous la puissante vo\u00fbte de son ciel <\/em><\/span><br \/>\n<span style=\"color: #000000;\"><em>Acclamez-le pour ses exploits,<\/em><\/span><br \/>\n<span style=\"color: #000000;\"><em>acclamez-le pour sa grandeur infinie !<\/em><\/span><br \/>\n<span style=\"color: #000000;\"><em>Acclamez-le en sonnant du cor,<\/em><\/span><br \/>\n<span style=\"color: #000000;\"><em>acclamez-le aux accords de la harpe et de la lyre <\/em><\/span><br \/>\n<span style=\"color: #000000;\"><em>Acclamez-le en dansant au rythme des tambourins,<\/em><\/span><br \/>\n<span style=\"color: #000000;\"><em>acclamez-le avec la guitare, avec la fl\u00fbte \u00e0 bec.<\/em><\/span><br \/>\n<span style=\"color: #000000;\"><em>Acclamez-le avec les cymbales sonores,<\/em><\/span><br \/>\n<span style=\"color: #000000;\"><em>acclamez-le avec les cymbales \u00e9clatantes <\/em><\/span><br \/>\n<span style=\"color: #000000;\"><em>Que tout ce qui respire acclame le Seigneur !<\/em><\/span><\/p>\n<p><span style=\"color: #000000;\"><em>All\u00e9luia, vive le Seigneur !<\/em><\/span><\/p>\n<h4><span style=\"color: #000000;\"><em>Psaume <\/em><\/span>150<\/h4>\n<\/blockquote>\n<h4>Le groupe instrumental a pour mission d\u2019accompagner les chants pendant le culte. Il n\u2019existe qu\u2019un seul cantique du protestantisme malgache (Fihirana), recueil issu des cantiques r\u00e9form\u00e9s et luth\u00e9riens, anglais et norv\u00e9giens, et surtout des compositions d\u2019auteurs malgaches. Il existe aussi les fihirana fanampiny.<\/h4>\n<h4>L\u2019objectif du groupe est d\u2019amener la jeune g\u00e9n\u00e9ration \u00e0 jouer les morceaux avec leurs instruments respectifs (fl\u00fbte, violon, guitare) pour louer le Seigneur, que le morceau soit classique, traditionnel ou contemporain.<\/h4>\n<h4>Nous participons activement \u00e0 la vie de l\u2019Eglise par notre pr\u00e9sence aux grandes f\u00eates religieuses de l\u2019ann\u00e9e et aux activit\u00e9s de l\u2019Eglise.<\/h4>\n<p>Contact : <a href=\"mailto:gi@fpmaam.org\">gi@fpmaam.org<\/a><\/p>\n<p>[wp_rss_multi_importer sortorder=\u00a0\u00bb1&Prime; category=\u00a0\u00bbfihirana\u00a0\u00bb thisfeed=\u00a0\u00bb900&Prime;]<\/p>\n","protected":false},"excerpt":{"rendered":"<p>All\u00e9luia, vive le Seigneur ! Acclamez Dieu dans son temple, acclamez-le sous la [&hellip;]<\/p>\n","protected":false},"author":2,"featured_media":0,"parent":411,"menu_order":6,"comment_status":"open","ping_status":"open","template":"","meta":[],"_links":{"self":[{"href":"https:\/\/fpmaam.org\/ministere\/wp-json\/wp\/v2\/pages\/427"}],"collection":[{"href":"https:\/\/fpmaam.org\/ministere\/wp-json\/wp\/v2\/pages"}],"about":[{"href":"https:\/\/fpmaam.org\/ministere\/wp-json\/wp\/v2\/types\/page"}],"author":[{"embeddable":true,"href":"https:\/\/fpmaam.org\/ministere\/wp-json\/wp\/v2\/users\/2"}],"replies":[{"embeddable":true,"href":"https:\/\/fpmaam.org\/ministere\/wp-json\/wp\/v2\/comments?post=427"}],"version-history":[{"count":6,"href":"https:\/\/fpmaam.org\/ministere\/wp-json\/wp\/v2\/pages\/427\/revisions"}],"predecessor-version":[{"id":1496,"href":"https:\/\/fpmaam.org\/ministere\/wp-json\/wp\/v2\/pages\/427\/revisions\/1496"}],"up":[{"embeddable":true,"href":"https:\/\/fpmaam.org\/ministere\/wp-json\/wp\/v2\/pages\/411"}],"wp:attachment":[{"href":"https:\/\/fpmaam.org\/ministere\/wp-json\/wp\/v2\/media?parent=427"}],"curies":[{"name":"wp","href":"https:\/\/api.w.org\/{rel}","templated":true}]}}