{"id":450,"date":"2011-08-15T19:43:17","date_gmt":"2011-08-15T18:43:17","guid":{"rendered":"http:\/\/fpmaaixmarseille.free.fr\/fpmaam\/?page_id=450"},"modified":"2013-08-09T17:59:59","modified_gmt":"2013-08-09T17:59:59","slug":"alpha","status":"publish","type":"page","link":"https:\/\/fpmaam.org\/ministere\/ambassadeur\/alpha\/","title":{"rendered":"Alpha"},"content":{"rendered":"<p>Ca s&rsquo;est pass\u00e9 \u00e0 la FPMA Aix Marseille :<\/p>\n<p><a href=\"http:\/\/fpmaaixmarseille.free.fr\/fpmaam\/wp-content\/uploads\/affiche_alpha1.jpg\">[catlist name=alpha numberposts=-1]<\/a><\/p>\n<p>&nbsp;<\/p>\n<p><a href=\"http:\/\/fpmaaixmarseille.free.fr\/fpmaam\/wp-content\/uploads\/affiche_alpha1.jpg\"><img loading=\"lazy\" class=\"aligncenter size-full wp-image-552\" title=\"affiche_alpha\" alt=\"\" src=\"http:\/\/fpmaaixmarseille.free.fr\/fpmaam\/wp-content\/uploads\/affiche_alpha1.jpg\" width=\"303\" height=\"433\" \/><\/a><br \/>\nEn collaboration avec l&rsquo;ERF Grignan de Marseille, notre paroisse s&rsquo;investit dans le parcours alpha :<\/p>\n<p><iframe loading=\"lazy\" style=\"border-width: 0;\" src=\"https:\/\/www.google.com\/calendar\/embed?showNav=0&amp;showDate=0&amp;showPrint=0&amp;showTabs=0&amp;showCalendars=0&amp;showTz=0&amp;mode=AGENDA&amp;height=300&amp;wkst=1&amp;bgcolor=%23ff0000&amp;src=1rokuve4nhq673n2l1g1gqp9qg%40group.calendar.google.com&amp;color=%23856508&amp;ctz=Europe%2FParis\" height=\"300\" width=\"400\" frameborder=\"0\" scrolling=\"no\"><\/iframe><br \/>\nAlpha, c\u2019est un d\u00eener \u00e0 l\u2019ambiance conviviale et informelle<\/p>\n<p>Alpha, c\u2019est un expos\u00e9 pour r\u00e9fl\u00e9chir ensemble sur toutes ces questions que chacun se pose souvent seul, au sujet de Dieu ou du sens de la vie<\/p>\n<p>Alpha, ce sont des groupes d\u2019\u00e9changes au sein desquels on peut librement partager ses interrogations sur la religion, dans le respect de chacun<\/p>\n<p>Alpha, ce sont des temps de dialogue ouverts \u00e0 tous, sans limite d\u2019\u00e2ge, que l\u2019on soit croyant ou pas, de confession chr\u00e9tienne ou pas, pratiquant ou pas<\/p>\n<p>Alpha, c\u2019est un lieu de rencontre o\u00f9 l\u2019on peut inviter ses amis mais aussi lier de nouvelles connaissances<\/p>\n<p>Alpha, ce sont des b\u00e9n\u00e9voles la\u00efcs qui animent les d\u00eeners et font d\u00e9couvrir (ou red\u00e9couvrir) l\u2019Eglise, loin des images d\u2019Epinal<\/p>\n<p>Alpha, c\u2019est \u00e0 c\u00f4t\u00e9 de chez vous, dans votre paroisse, \u00e9glise ou aum\u00f4nerie.<\/p>\n<p>Un parcours Alpha, c\u2019est un repas par semaine, pendant 10 semaines, ainsi qu\u2019un week-end propos\u00e9 en milieu de parcours<\/p>\n<p>Un parcours Alpha, c\u2019est tout \u00e7a \u00e0 la fois, et c\u2019est gratuit et sans engagement.<\/p>\n<p>&nbsp;<\/p>\n<p><a title=\"Parcous alpha\" href=\"http:\/\/www.parcoursalpha.fr\/\" target=\"_blank\">Pour en savoir plus !<\/a><\/p>\n","protected":false},"excerpt":{"rendered":"<p>Ca s&rsquo;est pass\u00e9 \u00e0 la FPMA Aix Marseille : [catlist name=alpha numberposts=-1] &nbsp; [&hellip;]<\/p>\n","protected":false},"author":2,"featured_media":0,"parent":977,"menu_order":4,"comment_status":"open","ping_status":"open","template":"","meta":[],"_links":{"self":[{"href":"https:\/\/fpmaam.org\/ministere\/wp-json\/wp\/v2\/pages\/450"}],"collection":[{"href":"https:\/\/fpmaam.org\/ministere\/wp-json\/wp\/v2\/pages"}],"about":[{"href":"https:\/\/fpmaam.org\/ministere\/wp-json\/wp\/v2\/types\/page"}],"author":[{"embeddable":true,"href":"https:\/\/fpmaam.org\/ministere\/wp-json\/wp\/v2\/users\/2"}],"replies":[{"embeddable":true,"href":"https:\/\/fpmaam.org\/ministere\/wp-json\/wp\/v2\/comments?post=450"}],"version-history":[{"count":7,"href":"https:\/\/fpmaam.org\/ministere\/wp-json\/wp\/v2\/pages\/450\/revisions"}],"predecessor-version":[{"id":1748,"href":"https:\/\/fpmaam.org\/ministere\/wp-json\/wp\/v2\/pages\/450\/revisions\/1748"}],"up":[{"embeddable":true,"href":"https:\/\/fpmaam.org\/ministere\/wp-json\/wp\/v2\/pages\/977"}],"wp:attachment":[{"href":"https:\/\/fpmaam.org\/ministere\/wp-json\/wp\/v2\/media?parent=450"}],"curies":[{"name":"wp","href":"https:\/\/api.w.org\/{rel}","templated":true}]}}