{"id":564,"date":"2011-09-10T08:19:14","date_gmt":"2011-09-10T07:19:14","guid":{"rendered":"http:\/\/fpmaaixmarseille.free.fr\/fpmaam\/?page_id=564"},"modified":"2017-04-30T19:00:43","modified_gmt":"2017-04-30T17:00:43","slug":"sengager","status":"publish","type":"page","link":"https:\/\/fpmaam.org\/ministere\/sengager\/","title":{"rendered":"Engager&#8230;"},"content":{"rendered":"<p>[vc_row full_width=\u00a0\u00bb\u00a0\u00bb parallax=\u00a0\u00bb\u00a0\u00bb parallax_image=\u00a0\u00bb\u00a0\u00bb opn_row_id=\u00a0\u00bbvie1&Prime; opn_row_gutter=\u00a0\u00bb100&Prime; opn_enable_overlay=\u00a0\u00bboff\u00a0\u00bb opn_hide_navigation=\u00a0\u00bboff\u00a0\u00bb bg_type=\u00a0\u00bb\u00a0\u00bb parallax_style=\u00a0\u00bb\u00a0\u00bb bg_image_new=\u00a0\u00bb\u00a0\u00bb layer_image=\u00a0\u00bb\u00a0\u00bb bg_image_repeat=\u00a0\u00bb\u00a0\u00bb bg_image_size=\u00a0\u00bb\u00a0\u00bb bg_cstm_size=\u00a0\u00bb\u00a0\u00bb bg_img_attach=\u00a0\u00bb\u00a0\u00bb parallax_sense=\u00a0\u00bb\u00a0\u00bb bg_image_posiiton=\u00a0\u00bb\u00a0\u00bb animation_direction=\u00a0\u00bb\u00a0\u00bb animation_repeat=\u00a0\u00bb\u00a0\u00bb video_url=\u00a0\u00bb\u00a0\u00bb video_url_2=\u00a0\u00bb\u00a0\u00bb u_video_url=\u00a0\u00bb\u00a0\u00bb video_opts=\u00a0\u00bb\u00a0\u00bb video_poster=\u00a0\u00bb\u00a0\u00bb u_start_time=\u00a0\u00bb\u00a0\u00bb u_stop_time=\u00a0\u00bb\u00a0\u00bb viewport_vdo=\u00a0\u00bb\u00a0\u00bb enable_controls=\u00a0\u00bb\u00a0\u00bb bg_override=\u00a0\u00bb\u00a0\u00bb disable_on_mobile_img_parallax=\u00a0\u00bb\u00a0\u00bb parallax_content=\u00a0\u00bb\u00a0\u00bb parallax_content_sense=\u00a0\u00bb\u00a0\u00bb fadeout_row=\u00a0\u00bb\u00a0\u00bb fadeout_start_effect=\u00a0\u00bb\u00a0\u00bb enable_overlay=\u00a0\u00bb\u00a0\u00bb overlay_color=\u00a0\u00bb\u00a0\u00bb overlay_pattern=\u00a0\u00bb\u00a0\u00bb overlay_pattern_opacity=\u00a0\u00bb\u00a0\u00bb overlay_pattern_size=\u00a0\u00bb\u00a0\u00bb overlay_pattern_attachment=\u00a0\u00bb\u00a0\u00bb multi_color_overlay=\u00a0\u00bb\u00a0\u00bb multi_color_overlay_opacity=\u00a0\u00bb\u00a0\u00bb seperator_enable=\u00a0\u00bb\u00a0\u00bb seperator_type=\u00a0\u00bb\u00a0\u00bb seperator_position=\u00a0\u00bb\u00a0\u00bb seperator_shape_size=\u00a0\u00bb\u00a0\u00bb seperator_svg_height=\u00a0\u00bb\u00a0\u00bb seperator_shape_background=\u00a0\u00bb\u00a0\u00bb seperator_shape_border=\u00a0\u00bb\u00a0\u00bb seperator_shape_border_color=\u00a0\u00bb\u00a0\u00bb seperator_shape_border_width=\u00a0\u00bb\u00a0\u00bb icon_type=\u00a0\u00bb\u00a0\u00bb icon=\u00a0\u00bb\u00a0\u00bb icon_size=\u00a0\u00bb\u00a0\u00bb icon_color=\u00a0\u00bb\u00a0\u00bb icon_style=\u00a0\u00bb\u00a0\u00bb icon_color_bg=\u00a0\u00bb\u00a0\u00bb icon_border_style=\u00a0\u00bb\u00a0\u00bb icon_color_border=\u00a0\u00bb\u00a0\u00bb icon_border_size=\u00a0\u00bb\u00a0\u00bb icon_border_radius=\u00a0\u00bb\u00a0\u00bb icon_border_spacing=\u00a0\u00bb\u00a0\u00bb icon_img=\u00a0\u00bb\u00a0\u00bb img_width=\u00a0\u00bb\u00a0\u00bb ult_hide_row=\u00a0\u00bb\u00a0\u00bb ult_hide_row_large_screen=\u00a0\u00bb\u00a0\u00bb ult_hide_row_desktop=\u00a0\u00bb\u00a0\u00bb ult_hide_row_tablet=\u00a0\u00bb\u00a0\u00bb ult_hide_row_tablet_small=\u00a0\u00bb\u00a0\u00bb ult_hide_row_mobile=\u00a0\u00bb\u00a0\u00bb ult_hide_row_mobile_large=\u00a0\u00bb\u00a0\u00bb][vc_column width=\u00a0\u00bb1\/1&Prime;][vc_column_text css_animation=\u00a0\u00bb\u00a0\u00bb]<\/p>\n<h1>Engager sa vie<\/h1>\n<p>Recevoir J\u00e9sus dans sa vie peut \u00eatre marqu\u00e9 par des signes visibles de notre engagement :<\/p>\n<p><a title=\"Bapt\u00eame \u2013 Batisa\" href=\"https:\/\/fpmaam.org\/ministere\/sengager\/sa-vie\/bapteme-batisa\/\">Bapt\u00eame<\/a>,\u00a0<a title=\"Confirmation\" href=\"https:\/\/fpmaam.org\/ministere\/sengager\/sa-vie\/confirmation\/\">confirmation<\/a>,\u00a0<a title=\"Diaconat\" href=\"https:\/\/fpmaam.org\/ministere\/sengager\/sa-vie\/diaconat\/\">diaconat<\/a>&#8230;<\/p>\n<p>[\/vc_column_text][bsf-info-box icon_type=\u00a0\u00bbselector\u00a0\u00bb icon=\u00a0\u00bbHumanitaire-heart317&Prime; img_width=\u00a0\u00bb48&Prime; icon_size=\u00a0\u00bb32&Prime; icon_color=\u00a0\u00bb#1e73be\u00a0\u00bb icon_style=\u00a0\u00bbnone\u00a0\u00bb icon_color_bg=\u00a0\u00bb#ffffff\u00a0\u00bb icon_color_border=\u00a0\u00bb#333333&Prime; icon_border_size=\u00a0\u00bb1&Prime; icon_border_radius=\u00a0\u00bb500&Prime; icon_border_spacing=\u00a0\u00bb50&Prime; title=\u00a0\u00bbBapt\u00eame\u00a0\u00bb read_more=\u00a0\u00bbtitle\u00a0\u00bb link=\u00a0\u00bburl:http%3A%2F%2Ffpmaam.org%2Fministere%2Fsengager%2Fsa-vie%2Fbapteme-batisa%2F||\u00a0\u00bb read_text=\u00a0\u00bbRead More\u00a0\u00bb hover_effect=\u00a0\u00bbstyle_2&Prime; pos=\u00a0\u00bbdefault\u00a0\u00bb][\/bsf-info-box][bsf-info-box icon_type=\u00a0\u00bbselector\u00a0\u00bb icon=\u00a0\u00bbHumanitaire-heart317&Prime; img_width=\u00a0\u00bb48&Prime; icon_size=\u00a0\u00bb32&Prime; icon_color=\u00a0\u00bb#1e73be\u00a0\u00bb icon_style=\u00a0\u00bbnone\u00a0\u00bb icon_color_bg=\u00a0\u00bb#ffffff\u00a0\u00bb icon_color_border=\u00a0\u00bb#333333&Prime; icon_border_size=\u00a0\u00bb1&Prime; icon_border_radius=\u00a0\u00bb500&Prime; icon_border_spacing=\u00a0\u00bb50&Prime; title=\u00a0\u00bbConfirmation\u00a0\u00bb read_more=\u00a0\u00bbtitle\u00a0\u00bb link=\u00a0\u00bburl:http%3A%2F%2Ffpmaam.org%2Fministere%2Fsengager%2Fsa-vie%2Fconfirmation%2F||\u00a0\u00bb read_text=\u00a0\u00bbRead More\u00a0\u00bb hover_effect=\u00a0\u00bbstyle_2&Prime; pos=\u00a0\u00bbdefault\u00a0\u00bb][\/bsf-info-box][bsf-info-box icon_type=\u00a0\u00bbselector\u00a0\u00bb icon=\u00a0\u00bbHumanitaire-heart317&Prime; img_width=\u00a0\u00bb48&Prime; icon_size=\u00a0\u00bb32&Prime; icon_color=\u00a0\u00bb#1e73be\u00a0\u00bb icon_style=\u00a0\u00bbnone\u00a0\u00bb icon_color_bg=\u00a0\u00bb#ffffff\u00a0\u00bb icon_color_border=\u00a0\u00bb#333333&Prime; icon_border_size=\u00a0\u00bb1&Prime; icon_border_radius=\u00a0\u00bb500&Prime; icon_border_spacing=\u00a0\u00bb50&Prime; title=\u00a0\u00bbDiaconat\u00a0\u00bb read_more=\u00a0\u00bbtitle\u00a0\u00bb link=\u00a0\u00bburl:http%3A%2F%2Ffpmaam.org%2Fministere%2Fsengager%2Fsa-vie%2Fdiaconat%2F||\u00a0\u00bb read_text=\u00a0\u00bbRead More\u00a0\u00bb hover_effect=\u00a0\u00bbstyle_2&Prime; pos=\u00a0\u00bbdefault\u00a0\u00bb][\/bsf-info-box][\/vc_column][\/vc_row][vc_row full_width=\u00a0\u00bb\u00a0\u00bb parallax=\u00a0\u00bb\u00a0\u00bb parallax_image=\u00a0\u00bb\u00a0\u00bb opn_row_id=\u00a0\u00bbdons1&Prime; opn_row_gutter=\u00a0\u00bb100&Prime; opn_enable_overlay=\u00a0\u00bboff\u00a0\u00bb opn_hide_navigation=\u00a0\u00bboff\u00a0\u00bb bg_type=\u00a0\u00bbbg_color\u00a0\u00bb parallax_style=\u00a0\u00bb\u00a0\u00bb bg_image_new=\u00a0\u00bb\u00a0\u00bb layer_image=\u00a0\u00bb\u00a0\u00bb bg_image_repeat=\u00a0\u00bb\u00a0\u00bb bg_image_size=\u00a0\u00bb\u00a0\u00bb bg_cstm_size=\u00a0\u00bb\u00a0\u00bb bg_img_attach=\u00a0\u00bb\u00a0\u00bb parallax_sense=\u00a0\u00bb\u00a0\u00bb bg_image_posiiton=\u00a0\u00bb\u00a0\u00bb animation_direction=\u00a0\u00bb\u00a0\u00bb animation_repeat=\u00a0\u00bb\u00a0\u00bb video_url=\u00a0\u00bb\u00a0\u00bb video_url_2=\u00a0\u00bb\u00a0\u00bb u_video_url=\u00a0\u00bb\u00a0\u00bb video_opts=\u00a0\u00bb\u00a0\u00bb video_poster=\u00a0\u00bb\u00a0\u00bb u_start_time=\u00a0\u00bb\u00a0\u00bb u_stop_time=\u00a0\u00bb\u00a0\u00bb viewport_vdo=\u00a0\u00bb\u00a0\u00bb enable_controls=\u00a0\u00bb\u00a0\u00bb bg_override=\u00a0\u00bb\u00a0\u00bb disable_on_mobile_img_parallax=\u00a0\u00bb\u00a0\u00bb parallax_content=\u00a0\u00bb\u00a0\u00bb parallax_content_sense=\u00a0\u00bb\u00a0\u00bb fadeout_row=\u00a0\u00bb\u00a0\u00bb fadeout_start_effect=\u00a0\u00bb\u00a0\u00bb enable_overlay=\u00a0\u00bb\u00a0\u00bb overlay_color=\u00a0\u00bb\u00a0\u00bb overlay_pattern=\u00a0\u00bb\u00a0\u00bb overlay_pattern_opacity=\u00a0\u00bb\u00a0\u00bb overlay_pattern_size=\u00a0\u00bb\u00a0\u00bb overlay_pattern_attachment=\u00a0\u00bb\u00a0\u00bb multi_color_overlay=\u00a0\u00bb\u00a0\u00bb multi_color_overlay_opacity=\u00a0\u00bb\u00a0\u00bb seperator_enable=\u00a0\u00bb\u00a0\u00bb seperator_type=\u00a0\u00bb\u00a0\u00bb seperator_position=\u00a0\u00bb\u00a0\u00bb seperator_shape_size=\u00a0\u00bb\u00a0\u00bb seperator_svg_height=\u00a0\u00bb\u00a0\u00bb seperator_shape_background=\u00a0\u00bb\u00a0\u00bb seperator_shape_border=\u00a0\u00bb\u00a0\u00bb seperator_shape_border_color=\u00a0\u00bb\u00a0\u00bb seperator_shape_border_width=\u00a0\u00bb\u00a0\u00bb icon_type=\u00a0\u00bb\u00a0\u00bb icon=\u00a0\u00bb\u00a0\u00bb icon_size=\u00a0\u00bb\u00a0\u00bb icon_color=\u00a0\u00bb\u00a0\u00bb icon_style=\u00a0\u00bb\u00a0\u00bb icon_color_bg=\u00a0\u00bb\u00a0\u00bb icon_border_style=\u00a0\u00bb\u00a0\u00bb icon_color_border=\u00a0\u00bb\u00a0\u00bb icon_border_size=\u00a0\u00bb\u00a0\u00bb icon_border_radius=\u00a0\u00bb\u00a0\u00bb icon_border_spacing=\u00a0\u00bb\u00a0\u00bb icon_img=\u00a0\u00bb\u00a0\u00bb img_width=\u00a0\u00bb\u00a0\u00bb ult_hide_row=\u00a0\u00bb\u00a0\u00bb ult_hide_row_large_screen=\u00a0\u00bb\u00a0\u00bb ult_hide_row_desktop=\u00a0\u00bb\u00a0\u00bb ult_hide_row_tablet=\u00a0\u00bb\u00a0\u00bb ult_hide_row_tablet_small=\u00a0\u00bb\u00a0\u00bb ult_hide_row_mobile=\u00a0\u00bb\u00a0\u00bb ult_hide_row_mobile_large=\u00a0\u00bb\u00a0\u00bb bg_color_value=\u00a0\u00bbrgba(30,115,190,0.2)\u00a0\u00bb][vc_column width=\u00a0\u00bb1\/1&Prime;][vc_column_text]<\/p>\n<h1>Engager ses dons<\/h1>\n<p>&nbsp;<\/p>\n<p><strong>S\u2019\u00e9panouir ! Servir !\u00a0 S\u2019engager\u00a0 dans l\u2019\u00e9glise !<br \/>\n<\/strong><\/p>\n<p>Je suis le cep, vous \u00eates les sarments<\/p>\n<p><em>Jean 15 : 5\u00a0<\/em><\/p>\n<p>C\u2019est \u00e0 travers les dons et passions de chacun que notre \u00e9glise grandit. Il y a toujours une place pour les exprimer. La croissance spirituelle commence quand on d\u00e9cide de mettre ses dons et talents au service de Dieu.<\/p>\n<p>La paroisse FPMA Aix-Marseille comprend 7 sections :<\/p>\n<p>[\/vc_column_text][ultimate_carousel slider_type=\u00a0\u00bbhorizontal\u00a0\u00bb slide_to_scroll=\u00a0\u00bball\u00a0\u00bb slides_on_desk=\u00a0\u00bb3&Prime; slides_on_tabs=\u00a0\u00bb3&Prime; slides_on_mob=\u00a0\u00bb2&Prime; infinite_loop=\u00a0\u00bbon\u00a0\u00bb speed=\u00a0\u00bb300&Prime; autoplay=\u00a0\u00bbon\u00a0\u00bb autoplay_speed=\u00a0\u00bb5000&Prime; arrows=\u00a0\u00bbshow\u00a0\u00bb arrow_style=\u00a0\u00bbdefault\u00a0\u00bb border_size=\u00a0\u00bb2&Prime; arrow_color=\u00a0\u00bb#333333&Prime; arrow_size=\u00a0\u00bb24&Prime; next_icon=\u00a0\u00bbultsl-arrow-right4&Prime; prev_icon=\u00a0\u00bbultsl-arrow-left4&Prime; dots=\u00a0\u00bbshow\u00a0\u00bb dots_color=\u00a0\u00bb#333333&Prime; dots_icon=\u00a0\u00bbultsl-record\u00a0\u00bb draggable=\u00a0\u00bbon\u00a0\u00bb touch_move=\u00a0\u00bbon\u00a0\u00bb item_space=\u00a0\u00bb15&Prime;][bsf-info-box icon_type=\u00a0\u00bbselector\u00a0\u00bb icon=\u00a0\u00bbDefaults-group\u00a0\u00bb img_width=\u00a0\u00bb48&Prime; icon_size=\u00a0\u00bb32&Prime; icon_color=\u00a0\u00bb#1e73be\u00a0\u00bb icon_style=\u00a0\u00bbnone\u00a0\u00bb icon_color_bg=\u00a0\u00bb#ffffff\u00a0\u00bb icon_color_border=\u00a0\u00bb#333333&Prime; icon_border_size=\u00a0\u00bb1&Prime; icon_border_radius=\u00a0\u00bb500&Prime; icon_border_spacing=\u00a0\u00bb50&Prime; title=\u00a0\u00bbChorale &#8211; Antsa Fiderana\u00a0\u00bb read_more=\u00a0\u00bbbox\u00a0\u00bb link=\u00a0\u00bburl:http%3A%2F%2Ffpmaam.org%2Fministere%2Fsengager%2Fsections-sampana%2Fantsa-fiderana-chorale%2F||\u00a0\u00bb read_text=\u00a0\u00bbRead More\u00a0\u00bb hover_effect=\u00a0\u00bbstyle_1&Prime; pos=\u00a0\u00bbdefault\u00a0\u00bb]<a href=\"https:\/\/fpmaam.org\/ministere\/sengager\/sections-sampana\/antsa-fiderana-chorale\/\"><img loading=\"lazy\" class=\"alignleft wp-image-14293 size-large\" src=\"https:\/\/fpmaam.org\/ministere\/wp-content\/uploads\/2015\/04\/Diapositive12-e1493544782588-1024x723.jpg\" alt=\"Diapositive12\" width=\"669\" height=\"472\" srcset=\"https:\/\/fpmaam.org\/ministere\/wp-content\/uploads\/2015\/04\/Diapositive12-e1493544782588-1024x723.jpg 1024w, https:\/\/fpmaam.org\/ministere\/wp-content\/uploads\/2015\/04\/Diapositive12-e1493544782588-300x212.jpg 300w, https:\/\/fpmaam.org\/ministere\/wp-content\/uploads\/2015\/04\/Diapositive12-e1493544782588.jpg 1456w\" sizes=\"(max-width: 669px) 100vw, 669px\" \/><\/a>[\/bsf-info-box][bsf-info-box icon_type=\u00a0\u00bbselector\u00a0\u00bb icon=\u00a0\u00bbDefaults-group\u00a0\u00bb img_width=\u00a0\u00bb48&Prime; icon_size=\u00a0\u00bb32&Prime; icon_color=\u00a0\u00bb#1e73be\u00a0\u00bb icon_style=\u00a0\u00bbnone\u00a0\u00bb icon_color_bg=\u00a0\u00bb#ffffff\u00a0\u00bb icon_color_border=\u00a0\u00bb#333333&Prime; icon_border_size=\u00a0\u00bb1&Prime; icon_border_radius=\u00a0\u00bb500&Prime; icon_border_spacing=\u00a0\u00bb50&Prime; title=\u00a0\u00bbGroupe des dames &#8211; SVK\u00a0\u00bb read_more=\u00a0\u00bbbox\u00a0\u00bb link=\u00a0\u00bburl:http%3A%2F%2Ffpmaam.org%2Fministere%2Fsengager%2Fsections-sampana%2Fvehivavy-kristiana-dames-chretiennes%2F||\u00a0\u00bb read_text=\u00a0\u00bbRead More\u00a0\u00bb hover_effect=\u00a0\u00bbstyle_1&Prime; pos=\u00a0\u00bbdefault\u00a0\u00bb]<a href=\"https:\/\/fpmaam.org\/ministere\/sengager\/sections-sampana\/vehivavy-kristiana-dames-chretiennes\/\"><img loading=\"lazy\" class=\"alignleft wp-image-14295 size-large\" src=\"https:\/\/fpmaam.org\/ministere\/wp-content\/uploads\/2015\/04\/Diapositive06-e1493544945930-1024x715.jpg\" alt=\"Diapositive06\" width=\"669\" height=\"467\" srcset=\"https:\/\/fpmaam.org\/ministere\/wp-content\/uploads\/2015\/04\/Diapositive06-e1493544945930-1024x715.jpg 1024w, https:\/\/fpmaam.org\/ministere\/wp-content\/uploads\/2015\/04\/Diapositive06-e1493544945930-300x210.jpg 300w, https:\/\/fpmaam.org\/ministere\/wp-content\/uploads\/2015\/04\/Diapositive06-e1493544945930.jpg 1456w\" sizes=\"(max-width: 669px) 100vw, 669px\" \/><\/a>[\/bsf-info-box][bsf-info-box icon_type=\u00a0\u00bbselector\u00a0\u00bb icon=\u00a0\u00bbDefaults-group\u00a0\u00bb img_width=\u00a0\u00bb48&Prime; icon_size=\u00a0\u00bb32&Prime; icon_color=\u00a0\u00bb#1e73be\u00a0\u00bb icon_style=\u00a0\u00bbnone\u00a0\u00bb icon_color_bg=\u00a0\u00bb#ffffff\u00a0\u00bb icon_color_border=\u00a0\u00bb#333333&Prime; icon_border_size=\u00a0\u00bb1&Prime; icon_border_radius=\u00a0\u00bb500&Prime; icon_border_spacing=\u00a0\u00bb50&Prime; title=\u00a0\u00bbSection jeunesse &#8211; STK\u00a0\u00bb read_more=\u00a0\u00bbbox\u00a0\u00bb link=\u00a0\u00bburl:http%3A%2F%2Ffpmaam.org%2Fministere%2Fsengager%2Fsections-sampana%2Ftanora-kristiana-jeunes-chretiens%2F||\u00a0\u00bb read_text=\u00a0\u00bbRead More\u00a0\u00bb hover_effect=\u00a0\u00bbstyle_1&Prime; pos=\u00a0\u00bbdefault\u00a0\u00bb]<a href=\"https:\/\/fpmaam.org\/ministere\/sengager\/sections-sampana\/tanora-kristiana-jeunes-chretiens\/\"><img loading=\"lazy\" class=\"alignleft wp-image-14297 size-large\" src=\"https:\/\/fpmaam.org\/ministere\/wp-content\/uploads\/2015\/04\/Diapositive05-e1493545122501-1024x735.jpg\" alt=\"Diapositive05\" width=\"669\" height=\"480\" srcset=\"https:\/\/fpmaam.org\/ministere\/wp-content\/uploads\/2015\/04\/Diapositive05-e1493545122501-1024x735.jpg 1024w, https:\/\/fpmaam.org\/ministere\/wp-content\/uploads\/2015\/04\/Diapositive05-e1493545122501-300x214.jpg 300w, https:\/\/fpmaam.org\/ministere\/wp-content\/uploads\/2015\/04\/Diapositive05-e1493545122501.jpg 1433w\" sizes=\"(max-width: 669px) 100vw, 669px\" \/><\/a>[\/bsf-info-box][bsf-info-box icon_type=\u00a0\u00bbselector\u00a0\u00bb icon=\u00a0\u00bbDefaults-group\u00a0\u00bb img_width=\u00a0\u00bb48&Prime; icon_size=\u00a0\u00bb32&Prime; icon_color=\u00a0\u00bb#1e73be\u00a0\u00bb icon_style=\u00a0\u00bbnone\u00a0\u00bb icon_color_bg=\u00a0\u00bb#ffffff\u00a0\u00bb icon_color_border=\u00a0\u00bb#333333&Prime; icon_border_size=\u00a0\u00bb1&Prime; icon_border_radius=\u00a0\u00bb500&Prime; icon_border_spacing=\u00a0\u00bb50&Prime; title=\u00a0\u00bbGroupe Instrumental &#8211; GI\u00a0\u00bb read_more=\u00a0\u00bbbox\u00a0\u00bb link=\u00a0\u00bburl:http%3A%2F%2Ffpmaam.org%2Fministere%2Fsengager%2Fsections-sampana%2Fzavamaneno-groupe-dinstrumental%2F||\u00a0\u00bb read_text=\u00a0\u00bbRead More\u00a0\u00bb hover_effect=\u00a0\u00bbstyle_1&Prime; pos=\u00a0\u00bbdefault\u00a0\u00bb]<a href=\"https:\/\/fpmaam.org\/ministere\/sengager\/sections-sampana\/zavamaneno-groupe-dinstrumental\/\"><img loading=\"lazy\" class=\"alignleft wp-image-14300 size-large\" src=\"https:\/\/fpmaam.org\/ministere\/wp-content\/uploads\/2015\/04\/Diapositive04-e1493545354292-1024x739.jpg\" alt=\"Diapositive04\" width=\"669\" height=\"483\" srcset=\"https:\/\/fpmaam.org\/ministere\/wp-content\/uploads\/2015\/04\/Diapositive04-e1493545354292-1024x739.jpg 1024w, https:\/\/fpmaam.org\/ministere\/wp-content\/uploads\/2015\/04\/Diapositive04-e1493545354292-300x216.jpg 300w, https:\/\/fpmaam.org\/ministere\/wp-content\/uploads\/2015\/04\/Diapositive04-e1493545354292.jpg 1433w\" sizes=\"(max-width: 669px) 100vw, 669px\" \/><\/a>[\/bsf-info-box][bsf-info-box icon_type=\u00a0\u00bbselector\u00a0\u00bb icon=\u00a0\u00bbDefaults-group\u00a0\u00bb img_width=\u00a0\u00bb48&Prime; icon_size=\u00a0\u00bb32&Prime; icon_color=\u00a0\u00bb#1e73be\u00a0\u00bb icon_style=\u00a0\u00bbnone\u00a0\u00bb icon_color_bg=\u00a0\u00bb#ffffff\u00a0\u00bb icon_color_border=\u00a0\u00bb#333333&Prime; icon_border_size=\u00a0\u00bb1&Prime; icon_border_radius=\u00a0\u00bb500&Prime; icon_border_spacing=\u00a0\u00bb50&Prime; title=\u00a0\u00bbEcole du Dimanche &#8211; Sekoly Alahady\u00a0\u00bb read_more=\u00a0\u00bbbox\u00a0\u00bb link=\u00a0\u00bburl:http%3A%2F%2Ffpmaam.org%2Fministere%2Fsengager%2Fsections-sampana%2Fsekoly-alahady-ecole-du-dimanche%2F||\u00a0\u00bb read_text=\u00a0\u00bbRead More\u00a0\u00bb hover_effect=\u00a0\u00bbstyle_1&Prime; pos=\u00a0\u00bbdefault\u00a0\u00bb]<a href=\"https:\/\/fpmaam.org\/ministere\/sengager\/sections-sampana\/sekoly-alahady-ecole-du-dimanche\/\"><img loading=\"lazy\" class=\"alignleft wp-image-14299 size-large\" src=\"https:\/\/fpmaam.org\/ministere\/wp-content\/uploads\/2015\/04\/Diapositive08-e1493545282731-1024x724.jpg\" alt=\"Diapositive08\" width=\"669\" height=\"473\" srcset=\"https:\/\/fpmaam.org\/ministere\/wp-content\/uploads\/2015\/04\/Diapositive08-e1493545282731-1024x724.jpg 1024w, https:\/\/fpmaam.org\/ministere\/wp-content\/uploads\/2015\/04\/Diapositive08-e1493545282731-300x212.jpg 300w, https:\/\/fpmaam.org\/ministere\/wp-content\/uploads\/2015\/04\/Diapositive08-e1493545282731.jpg 1439w\" sizes=\"(max-width: 669px) 100vw, 669px\" \/><\/a>[\/bsf-info-box][bsf-info-box icon_type=\u00a0\u00bbselector\u00a0\u00bb icon=\u00a0\u00bbDefaults-group\u00a0\u00bb img_width=\u00a0\u00bb48&Prime; icon_size=\u00a0\u00bb32&Prime; icon_color=\u00a0\u00bb#1e73be\u00a0\u00bb icon_style=\u00a0\u00bbnone\u00a0\u00bb icon_color_bg=\u00a0\u00bb#ffffff\u00a0\u00bb icon_color_border=\u00a0\u00bb#333333&Prime; icon_border_size=\u00a0\u00bb1&Prime; icon_border_radius=\u00a0\u00bb500&Prime; icon_border_spacing=\u00a0\u00bb50&Prime; title=\u00a0\u00bbSection scouts &#8211; Tily\u00a0\u00bb read_more=\u00a0\u00bbbox\u00a0\u00bb link=\u00a0\u00bburl:http%3A%2F%2Ffpmaam.org%2Fministere%2Fsengager%2Fsections-sampana%2Ftily-scouts%2F||\u00a0\u00bb read_text=\u00a0\u00bbRead More\u00a0\u00bb hover_effect=\u00a0\u00bbstyle_1&Prime; pos=\u00a0\u00bbdefault\u00a0\u00bb]<a href=\"https:\/\/fpmaam.org\/ministere\/sengager\/sections-sampana\/tily-scouts\/\"><img loading=\"lazy\" class=\"alignleft wp-image-14298 size-large\" src=\"https:\/\/fpmaam.org\/ministere\/wp-content\/uploads\/2015\/04\/Diapositive11-e1493545210960-1024x718.jpg\" alt=\"Diapositive11\" width=\"669\" height=\"469\" srcset=\"https:\/\/fpmaam.org\/ministere\/wp-content\/uploads\/2015\/04\/Diapositive11-e1493545210960-1024x718.jpg 1024w, https:\/\/fpmaam.org\/ministere\/wp-content\/uploads\/2015\/04\/Diapositive11-e1493545210960-300x210.jpg 300w, https:\/\/fpmaam.org\/ministere\/wp-content\/uploads\/2015\/04\/Diapositive11-e1493545210960.jpg 1467w\" sizes=\"(max-width: 669px) 100vw, 669px\" \/><\/a>[\/bsf-info-box][bsf-info-box icon_type=\u00a0\u00bbselector\u00a0\u00bb icon=\u00a0\u00bbDefaults-group\u00a0\u00bb img_width=\u00a0\u00bb48&Prime; icon_size=\u00a0\u00bb32&Prime; icon_color=\u00a0\u00bb#1e73be\u00a0\u00bb icon_style=\u00a0\u00bbnone\u00a0\u00bb icon_color_bg=\u00a0\u00bb#ffffff\u00a0\u00bb icon_color_border=\u00a0\u00bb#333333&Prime; icon_border_size=\u00a0\u00bb1&Prime; icon_border_radius=\u00a0\u00bb500&Prime; icon_border_spacing=\u00a0\u00bb50&Prime; title=\u00a0\u00bbSection reveil &#8211; Fifohazana\u00a0\u00bb read_more=\u00a0\u00bbbox\u00a0\u00bb link=\u00a0\u00bburl:http%3A%2F%2Ffpmaam.org%2Fministere%2Fsengager%2Fsections-sampana%2Ffifohazana-reveil%2F||\u00a0\u00bb read_text=\u00a0\u00bbRead More\u00a0\u00bb hover_effect=\u00a0\u00bbstyle_1&Prime; pos=\u00a0\u00bbdefault\u00a0\u00bb]<a href=\"https:\/\/fpmaam.org\/ministere\/sengager\/sections-sampana\/fifohazana-reveil\/\"><img loading=\"lazy\" class=\"alignleft wp-image-14296 size-large\" src=\"https:\/\/fpmaam.org\/ministere\/wp-content\/uploads\/2015\/04\/Diapositive07-e1493545016155-1024x728.jpg\" alt=\"Diapositive07\" width=\"669\" height=\"476\" srcset=\"https:\/\/fpmaam.org\/ministere\/wp-content\/uploads\/2015\/04\/Diapositive07-e1493545016155-1024x728.jpg 1024w, https:\/\/fpmaam.org\/ministere\/wp-content\/uploads\/2015\/04\/Diapositive07-e1493545016155-300x214.jpg 300w, https:\/\/fpmaam.org\/ministere\/wp-content\/uploads\/2015\/04\/Diapositive07-e1493545016155.jpg 1439w\" sizes=\"(max-width: 669px) 100vw, 669px\" \/><\/a>[\/bsf-info-box][\/ultimate_carousel][\/vc_column][\/vc_row][vc_row full_width=\u00a0\u00bb\u00a0\u00bb parallax=\u00a0\u00bb\u00a0\u00bb parallax_image=\u00a0\u00bb\u00a0\u00bb opn_row_id=\u00a0\u00bb\u00a0\u00bb opn_row_gutter=\u00a0\u00bb\u00a0\u00bb opn_enable_overlay=\u00a0\u00bboff\u00a0\u00bb opn_hide_navigation=\u00a0\u00bboff\u00a0\u00bb bg_type=\u00a0\u00bb\u00a0\u00bb parallax_style=\u00a0\u00bb\u00a0\u00bb bg_image_new=\u00a0\u00bb\u00a0\u00bb layer_image=\u00a0\u00bb\u00a0\u00bb bg_image_repeat=\u00a0\u00bb\u00a0\u00bb bg_image_size=\u00a0\u00bb\u00a0\u00bb bg_cstm_size=\u00a0\u00bb\u00a0\u00bb bg_img_attach=\u00a0\u00bb\u00a0\u00bb parallax_sense=\u00a0\u00bb\u00a0\u00bb bg_image_posiiton=\u00a0\u00bb\u00a0\u00bb animation_direction=\u00a0\u00bb\u00a0\u00bb animation_repeat=\u00a0\u00bb\u00a0\u00bb video_url=\u00a0\u00bb\u00a0\u00bb video_url_2=\u00a0\u00bb\u00a0\u00bb u_video_url=\u00a0\u00bb\u00a0\u00bb video_opts=\u00a0\u00bb\u00a0\u00bb video_poster=\u00a0\u00bb\u00a0\u00bb u_start_time=\u00a0\u00bb\u00a0\u00bb u_stop_time=\u00a0\u00bb\u00a0\u00bb viewport_vdo=\u00a0\u00bb\u00a0\u00bb enable_controls=\u00a0\u00bb\u00a0\u00bb bg_override=\u00a0\u00bb\u00a0\u00bb disable_on_mobile_img_parallax=\u00a0\u00bb\u00a0\u00bb parallax_content=\u00a0\u00bb\u00a0\u00bb parallax_content_sense=\u00a0\u00bb\u00a0\u00bb fadeout_row=\u00a0\u00bb\u00a0\u00bb fadeout_start_effect=\u00a0\u00bb\u00a0\u00bb enable_overlay=\u00a0\u00bb\u00a0\u00bb overlay_color=\u00a0\u00bb\u00a0\u00bb overlay_pattern=\u00a0\u00bb\u00a0\u00bb overlay_pattern_opacity=\u00a0\u00bb\u00a0\u00bb overlay_pattern_size=\u00a0\u00bb\u00a0\u00bb overlay_pattern_attachment=\u00a0\u00bb\u00a0\u00bb multi_color_overlay=\u00a0\u00bb\u00a0\u00bb multi_color_overlay_opacity=\u00a0\u00bb\u00a0\u00bb seperator_enable=\u00a0\u00bb\u00a0\u00bb seperator_type=\u00a0\u00bb\u00a0\u00bb seperator_position=\u00a0\u00bb\u00a0\u00bb seperator_shape_size=\u00a0\u00bb\u00a0\u00bb seperator_svg_height=\u00a0\u00bb\u00a0\u00bb seperator_shape_background=\u00a0\u00bb\u00a0\u00bb seperator_shape_border=\u00a0\u00bb\u00a0\u00bb seperator_shape_border_color=\u00a0\u00bb\u00a0\u00bb seperator_shape_border_width=\u00a0\u00bb\u00a0\u00bb icon_type=\u00a0\u00bb\u00a0\u00bb icon=\u00a0\u00bb\u00a0\u00bb icon_size=\u00a0\u00bb\u00a0\u00bb icon_color=\u00a0\u00bb\u00a0\u00bb icon_style=\u00a0\u00bb\u00a0\u00bb icon_color_bg=\u00a0\u00bb\u00a0\u00bb icon_border_style=\u00a0\u00bb\u00a0\u00bb icon_color_border=\u00a0\u00bb\u00a0\u00bb icon_border_size=\u00a0\u00bb\u00a0\u00bb icon_border_radius=\u00a0\u00bb\u00a0\u00bb icon_border_spacing=\u00a0\u00bb\u00a0\u00bb icon_img=\u00a0\u00bb\u00a0\u00bb img_width=\u00a0\u00bb\u00a0\u00bb ult_hide_row=\u00a0\u00bb\u00a0\u00bb ult_hide_row_large_screen=\u00a0\u00bb\u00a0\u00bb ult_hide_row_desktop=\u00a0\u00bb\u00a0\u00bb ult_hide_row_tablet=\u00a0\u00bb\u00a0\u00bb ult_hide_row_tablet_small=\u00a0\u00bb\u00a0\u00bb ult_hide_row_mobile=\u00a0\u00bb\u00a0\u00bb ult_hide_row_mobile_large=\u00a0\u00bb\u00a0\u00bb][vc_column width=\u00a0\u00bb1\/1&Prime;][opn_navigator][opn_navigator_item title=\u00a0\u00bbEngager sa vie\u00a0\u00bb target_link=\u00a0\u00bb#vie1&Prime; icon=\u00a0\u00bbHumanitaire-heart317&Prime;][opn_navigator_item title=\u00a0\u00bbEngager ses dons\u00a0\u00bb target_link=\u00a0\u00bb#dons1&Prime; icon=\u00a0\u00bbDefaults-child\u00a0\u00bb][\/opn_navigator][\/vc_column][\/vc_row]<\/p>\n","protected":false},"excerpt":{"rendered":"<p>[vc_row full_width=\u00a0\u00bb\u00a0\u00bb parallax=\u00a0\u00bb\u00a0\u00bb parallax_image=\u00a0\u00bb\u00a0\u00bb opn_row_id=\u00a0\u00bbvie1&Prime; opn_row_gutter=\u00a0\u00bb100&Prime; opn_enable_overlay=\u00a0\u00bboff\u00a0\u00bb opn_hide_navigation=\u00a0\u00bboff\u00a0\u00bb bg_type=\u00a0\u00bb\u00a0\u00bb parallax_style=\u00a0\u00bb\u00a0\u00bb bg_image_new=\u00a0\u00bb\u00a0\u00bb layer_image=\u00a0\u00bb\u00a0\u00bb bg_image_repeat=\u00a0\u00bb\u00a0\u00bb [&hellip;]<\/p>\n","protected":false},"author":2,"featured_media":0,"parent":0,"menu_order":4,"comment_status":"open","ping_status":"open","template":"","meta":[],"_links":{"self":[{"href":"https:\/\/fpmaam.org\/ministere\/wp-json\/wp\/v2\/pages\/564"}],"collection":[{"href":"https:\/\/fpmaam.org\/ministere\/wp-json\/wp\/v2\/pages"}],"about":[{"href":"https:\/\/fpmaam.org\/ministere\/wp-json\/wp\/v2\/types\/page"}],"author":[{"embeddable":true,"href":"https:\/\/fpmaam.org\/ministere\/wp-json\/wp\/v2\/users\/2"}],"replies":[{"embeddable":true,"href":"https:\/\/fpmaam.org\/ministere\/wp-json\/wp\/v2\/comments?post=564"}],"version-history":[{"count":20,"href":"https:\/\/fpmaam.org\/ministere\/wp-json\/wp\/v2\/pages\/564\/revisions"}],"predecessor-version":[{"id":14317,"href":"https:\/\/fpmaam.org\/ministere\/wp-json\/wp\/v2\/pages\/564\/revisions\/14317"}],"wp:attachment":[{"href":"https:\/\/fpmaam.org\/ministere\/wp-json\/wp\/v2\/media?parent=564"}],"curies":[{"name":"wp","href":"https:\/\/api.w.org\/{rel}","templated":true}]}}