{"id":716,"date":"2011-08-17T12:23:08","date_gmt":"2011-08-17T11:23:08","guid":{"rendered":"http:\/\/fpmaaixmarseille.free.fr\/fpmaam\/?page_id=477"},"modified":"2013-08-05T16:53:28","modified_gmt":"2013-08-05T16:53:28","slug":"diaconat","status":"publish","type":"page","link":"https:\/\/fpmaam.org\/ministere\/sengager\/sa-vie\/diaconat\/","title":{"rendered":"Diaconat"},"content":{"rendered":"<p>&nbsp;<\/p>\n<p>&nbsp;<\/p>\n<p><a href=\"http:\/\/fpmaaixmarseille.free.fr\/fpmaam\/wp-content\/uploads\/diakona1.jpg\"><img loading=\"lazy\" class=\"alignnone size-full wp-image-493\" title=\"SAMSUNG DIGITAL CAMERA\" alt=\"\" src=\"http:\/\/fpmaaixmarseille.free.fr\/fpmaam\/wp-content\/uploads\/diakona1.jpg\" width=\"681\" height=\"347\" \/><\/a><\/p>\n<p>Le diaconat \u00a0a pour mission d&rsquo;assister le pasteur dans ses missions. Les diacres pr\u00e9parent et assurent le bon d\u00e9roulement du culte. Ils prennent soin d&rsquo;accompagner spirituellement les paroissiens et veillent a l&rsquo;unit\u00e9 de la communaut\u00e9.<br \/>\nIls se forment,t\u00e9moignent, prient et annoncent l&rsquo;Evangile.<\/p>\n","protected":false},"excerpt":{"rendered":"<p>&nbsp; &nbsp; Le diaconat \u00a0a pour mission d&rsquo;assister le pasteur dans ses missions. [&hellip;]<\/p>\n","protected":false},"author":2,"featured_media":0,"parent":1643,"menu_order":3,"comment_status":"open","ping_status":"open","template":"","meta":[],"_links":{"self":[{"href":"https:\/\/fpmaam.org\/ministere\/wp-json\/wp\/v2\/pages\/716"}],"collection":[{"href":"https:\/\/fpmaam.org\/ministere\/wp-json\/wp\/v2\/pages"}],"about":[{"href":"https:\/\/fpmaam.org\/ministere\/wp-json\/wp\/v2\/types\/page"}],"author":[{"embeddable":true,"href":"https:\/\/fpmaam.org\/ministere\/wp-json\/wp\/v2\/users\/2"}],"replies":[{"embeddable":true,"href":"https:\/\/fpmaam.org\/ministere\/wp-json\/wp\/v2\/comments?post=716"}],"version-history":[{"count":1,"href":"https:\/\/fpmaam.org\/ministere\/wp-json\/wp\/v2\/pages\/716\/revisions"}],"predecessor-version":[{"id":1648,"href":"https:\/\/fpmaam.org\/ministere\/wp-json\/wp\/v2\/pages\/716\/revisions\/1648"}],"up":[{"embeddable":true,"href":"https:\/\/fpmaam.org\/ministere\/wp-json\/wp\/v2\/pages\/1643"}],"wp:attachment":[{"href":"https:\/\/fpmaam.org\/ministere\/wp-json\/wp\/v2\/media?parent=716"}],"curies":[{"name":"wp","href":"https:\/\/api.w.org\/{rel}","templated":true}]}}