{"id":11,"date":"2009-11-29T22:26:53","date_gmt":"2009-11-29T21:26:53","guid":{"rendered":"http:\/\/fpmaaixmarseille.free.fr\/fpmaam\/?page_id=11"},"modified":"2009-11-29T22:26:53","modified_gmt":"2009-11-29T21:26:53","slug":"objectifs","status":"publish","type":"page","link":"https:\/\/fpmaam.org\/ministere2\/decouvrir\/objectifs\/","title":{"rendered":"Objectifs"},"content":{"rendered":"<h3><span><span style=\"color: #0000ff;\">* Objectifs\u00a0:<\/span><\/span><span>\u00a0<\/span><\/h3>\n<p><span><span style=\"font-family: Arial;\">v<span>\u00a0\u00a0<\/span>L\u2019annonce de l\u2019\u00c9vangile de J\u00e9sus Christ \u00e0 tout homme, notamment aux Malgaches d\u2019origines, r\u00e9sidant ou de passage en France.<\/span><\/span><\/p>\n<p><span><span style=\"font-family: Arial;\">v<span>\u00a0\u00a0\u00a0<\/span>Le Service, la louange, et la glorification de Dieu par la c\u00e9l\u00e9bration des cultes en langue malgache.<\/span><\/span><span><span style=\"font-family: Arial;\">\u00a0<\/span><\/span><span><span style=\"font-family: Arial;\">\u00a0<\/span><\/span><\/p>\n<h3><span><span style=\"color: #0000ff;\">* Structure\u00a0:<\/span><\/span><span>\u00a0<\/span><\/h3>\n<p><span><span style=\"font-family: Arial;\">v<span>\u00a0\u00a0\u00a0<\/span>les paroisses ou \u00e9glises locales<\/span><\/span><\/p>\n<p><span><span style=\"font-family: Arial;\">v<span>\u00a0\u00a0\u00a0 <\/span>la r\u00e9gion\u00a0: groupement g\u00e9ographique de plusieurs paroisses<\/span><\/span><\/p>\n<p><span><span style=\"font-family: Arial;\">v<span>\u00a0\u00a0\u00a0\u00a0\u00a0<\/span>la FPMA\u00a0: groupement des r\u00e9gions en une seule Eglise ayant son synode g\u00e9n\u00e9ral.<\/span><\/span><\/p>\n","protected":false},"excerpt":{"rendered":"<p>* Objectifs\u00a0:\u00a0 v\u00a0\u00a0L\u2019annonce de l\u2019\u00c9vangile de J\u00e9sus Christ \u00e0 tout homme, notamment aux Malgaches d\u2019origines, r\u00e9sidant ou de passage en France. v\u00a0\u00a0\u00a0Le Service, la louange, et la glorification de Dieu par la c\u00e9l\u00e9bration des cultes en langue malgache.\u00a0\u00a0 * Structure\u00a0:\u00a0 v\u00a0\u00a0\u00a0les paroisses ou \u00e9glises locales v\u00a0\u00a0\u00a0 la r\u00e9gion\u00a0: groupement g\u00e9ographique de plusieurs paroisses v\u00a0\u00a0\u00a0\u00a0\u00a0la FPMA\u00a0: &hellip; <a href=\"https:\/\/fpmaam.org\/ministere2\/decouvrir\/objectifs\/\" class=\"more-link\">Continuer la lecture<span class=\"screen-reader-text\"> de &laquo;&nbsp;Objectifs&nbsp;&raquo;<\/span><\/a><\/p>\n","protected":false},"author":2,"featured_media":0,"parent":435,"menu_order":3,"comment_status":"open","ping_status":"closed","template":"","meta":{"footnotes":""},"class_list":["post-11","page","type-page","status-publish","hentry"],"yoast_head":"<!-- This site is optimized with the Yoast SEO plugin v26.8 - https:\/\/yoast.com\/product\/yoast-seo-wordpress\/ -->\n<title>Objectifs - FPMA Aix Marseille - EGLISE PROTESTANTE MALGACHE EN FRANCE<\/title>\n<meta name=\"robots\" content=\"index, follow, max-snippet:-1, max-image-preview:large, max-video-preview:-1\" \/>\n<link rel=\"canonical\" href=\"https:\/\/fpmaam.org\/ministere2\/decouvrir\/objectifs\/\" \/>\n<meta property=\"og:locale\" content=\"fr_FR\" \/>\n<meta property=\"og:type\" content=\"article\" \/>\n<meta property=\"og:title\" content=\"Objectifs - FPMA Aix Marseille - EGLISE PROTESTANTE MALGACHE EN FRANCE\" \/>\n<meta property=\"og:description\" content=\"* Objectifs\u00a0:\u00a0 v\u00a0\u00a0L\u2019annonce de l\u2019\u00c9vangile de J\u00e9sus Christ \u00e0 tout homme, notamment aux Malgaches d\u2019origines, r\u00e9sidant ou de passage en France. v\u00a0\u00a0\u00a0Le Service, la louange, et la glorification de Dieu par la c\u00e9l\u00e9bration des cultes en langue malgache.\u00a0\u00a0 * Structure\u00a0:\u00a0 v\u00a0\u00a0\u00a0les paroisses ou \u00e9glises locales v\u00a0\u00a0\u00a0 la r\u00e9gion\u00a0: groupement g\u00e9ographique de plusieurs paroisses v\u00a0\u00a0\u00a0\u00a0\u00a0la FPMA\u00a0: &hellip; Continuer la lecture de &laquo;&nbsp;Objectifs&nbsp;&raquo;\" \/>\n<meta property=\"og:url\" content=\"https:\/\/fpmaam.org\/ministere2\/decouvrir\/objectifs\/\" \/>\n<meta property=\"og:site_name\" content=\"FPMA Aix Marseille - EGLISE PROTESTANTE MALGACHE EN FRANCE\" \/>\n<meta name=\"twitter:card\" content=\"summary_large_image\" \/>\n<script type=\"application\/ld+json\" class=\"yoast-schema-graph\">{\"@context\":\"https:\/\/schema.org\",\"@graph\":[{\"@type\":\"WebPage\",\"@id\":\"https:\/\/fpmaam.org\/ministere2\/decouvrir\/objectifs\/\",\"url\":\"https:\/\/fpmaam.org\/ministere2\/decouvrir\/objectifs\/\",\"name\":\"Objectifs - FPMA Aix Marseille - EGLISE PROTESTANTE MALGACHE EN FRANCE\",\"isPartOf\":{\"@id\":\"https:\/\/fpmaam.org\/ministere2\/#website\"},\"datePublished\":\"2009-11-29T21:26:53+00:00\",\"breadcrumb\":{\"@id\":\"https:\/\/fpmaam.org\/ministere2\/decouvrir\/objectifs\/#breadcrumb\"},\"inLanguage\":\"fr-FR\",\"potentialAction\":[{\"@type\":\"ReadAction\",\"target\":[\"https:\/\/fpmaam.org\/ministere2\/decouvrir\/objectifs\/\"]}]},{\"@type\":\"BreadcrumbList\",\"@id\":\"https:\/\/fpmaam.org\/ministere2\/decouvrir\/objectifs\/#breadcrumb\",\"itemListElement\":[{\"@type\":\"ListItem\",\"position\":1,\"name\":\"Accueil\",\"item\":\"https:\/\/fpmaam.org\/ministere2\/\"},{\"@type\":\"ListItem\",\"position\":2,\"name\":\"Documents\",\"item\":\"https:\/\/fpmaam.org\/ministere2\/decouvrir\/\"},{\"@type\":\"ListItem\",\"position\":3,\"name\":\"Objectifs\"}]},{\"@type\":\"WebSite\",\"@id\":\"https:\/\/fpmaam.org\/ministere2\/#website\",\"url\":\"https:\/\/fpmaam.org\/ministere2\/\",\"name\":\"FPMA Aix Marseille - EGLISE PROTESTANTE MALGACHE EN FRANCE\",\"description\":\"\",\"publisher\":{\"@id\":\"https:\/\/fpmaam.org\/ministere2\/#organization\"},\"potentialAction\":[{\"@type\":\"SearchAction\",\"target\":{\"@type\":\"EntryPoint\",\"urlTemplate\":\"https:\/\/fpmaam.org\/ministere2\/?s={search_term_string}\"},\"query-input\":{\"@type\":\"PropertyValueSpecification\",\"valueRequired\":true,\"valueName\":\"search_term_string\"}}],\"inLanguage\":\"fr-FR\"},{\"@type\":\"Organization\",\"@id\":\"https:\/\/fpmaam.org\/ministere2\/#organization\",\"name\":\"FPMA Aix Marseille - EGLISE PROTESTANTE MALGACHE EN FRANCE\",\"url\":\"https:\/\/fpmaam.org\/ministere2\/\",\"logo\":{\"@type\":\"ImageObject\",\"inLanguage\":\"fr-FR\",\"@id\":\"https:\/\/fpmaam.org\/ministere2\/#\/schema\/logo\/image\/\",\"url\":\"https:\/\/fpmaam.org\/ministere2\/wp-content\/uploads\/2025\/03\/cropped-fpmaam_logo.png\",\"contentUrl\":\"https:\/\/fpmaam.org\/ministere2\/wp-content\/uploads\/2025\/03\/cropped-fpmaam_logo.png\",\"width\":240,\"height\":240,\"caption\":\"FPMA Aix Marseille - EGLISE PROTESTANTE MALGACHE EN FRANCE\"},\"image\":{\"@id\":\"https:\/\/fpmaam.org\/ministere2\/#\/schema\/logo\/image\/\"}}]}<\/script>\n<!-- \/ Yoast SEO plugin. -->","yoast_head_json":{"title":"Objectifs - FPMA Aix Marseille - EGLISE PROTESTANTE MALGACHE EN FRANCE","robots":{"index":"index","follow":"follow","max-snippet":"max-snippet:-1","max-image-preview":"max-image-preview:large","max-video-preview":"max-video-preview:-1"},"canonical":"https:\/\/fpmaam.org\/ministere2\/decouvrir\/objectifs\/","og_locale":"fr_FR","og_type":"article","og_title":"Objectifs - FPMA Aix Marseille - EGLISE PROTESTANTE MALGACHE EN FRANCE","og_description":"* Objectifs\u00a0:\u00a0 v\u00a0\u00a0L\u2019annonce de l\u2019\u00c9vangile de J\u00e9sus Christ \u00e0 tout homme, notamment aux Malgaches d\u2019origines, r\u00e9sidant ou de passage en France. v\u00a0\u00a0\u00a0Le Service, la louange, et la glorification de Dieu par la c\u00e9l\u00e9bration des cultes en langue malgache.\u00a0\u00a0 * Structure\u00a0:\u00a0 v\u00a0\u00a0\u00a0les paroisses ou \u00e9glises locales v\u00a0\u00a0\u00a0 la r\u00e9gion\u00a0: groupement g\u00e9ographique de plusieurs paroisses v\u00a0\u00a0\u00a0\u00a0\u00a0la FPMA\u00a0: &hellip; Continuer la lecture de &laquo;&nbsp;Objectifs&nbsp;&raquo;","og_url":"https:\/\/fpmaam.org\/ministere2\/decouvrir\/objectifs\/","og_site_name":"FPMA Aix Marseille - EGLISE PROTESTANTE MALGACHE EN FRANCE","twitter_card":"summary_large_image","schema":{"@context":"https:\/\/schema.org","@graph":[{"@type":"WebPage","@id":"https:\/\/fpmaam.org\/ministere2\/decouvrir\/objectifs\/","url":"https:\/\/fpmaam.org\/ministere2\/decouvrir\/objectifs\/","name":"Objectifs - FPMA Aix Marseille - EGLISE PROTESTANTE MALGACHE EN FRANCE","isPartOf":{"@id":"https:\/\/fpmaam.org\/ministere2\/#website"},"datePublished":"2009-11-29T21:26:53+00:00","breadcrumb":{"@id":"https:\/\/fpmaam.org\/ministere2\/decouvrir\/objectifs\/#breadcrumb"},"inLanguage":"fr-FR","potentialAction":[{"@type":"ReadAction","target":["https:\/\/fpmaam.org\/ministere2\/decouvrir\/objectifs\/"]}]},{"@type":"BreadcrumbList","@id":"https:\/\/fpmaam.org\/ministere2\/decouvrir\/objectifs\/#breadcrumb","itemListElement":[{"@type":"ListItem","position":1,"name":"Accueil","item":"https:\/\/fpmaam.org\/ministere2\/"},{"@type":"ListItem","position":2,"name":"Documents","item":"https:\/\/fpmaam.org\/ministere2\/decouvrir\/"},{"@type":"ListItem","position":3,"name":"Objectifs"}]},{"@type":"WebSite","@id":"https:\/\/fpmaam.org\/ministere2\/#website","url":"https:\/\/fpmaam.org\/ministere2\/","name":"FPMA Aix Marseille - EGLISE PROTESTANTE MALGACHE EN FRANCE","description":"","publisher":{"@id":"https:\/\/fpmaam.org\/ministere2\/#organization"},"potentialAction":[{"@type":"SearchAction","target":{"@type":"EntryPoint","urlTemplate":"https:\/\/fpmaam.org\/ministere2\/?s={search_term_string}"},"query-input":{"@type":"PropertyValueSpecification","valueRequired":true,"valueName":"search_term_string"}}],"inLanguage":"fr-FR"},{"@type":"Organization","@id":"https:\/\/fpmaam.org\/ministere2\/#organization","name":"FPMA Aix Marseille - EGLISE PROTESTANTE MALGACHE EN FRANCE","url":"https:\/\/fpmaam.org\/ministere2\/","logo":{"@type":"ImageObject","inLanguage":"fr-FR","@id":"https:\/\/fpmaam.org\/ministere2\/#\/schema\/logo\/image\/","url":"https:\/\/fpmaam.org\/ministere2\/wp-content\/uploads\/2025\/03\/cropped-fpmaam_logo.png","contentUrl":"https:\/\/fpmaam.org\/ministere2\/wp-content\/uploads\/2025\/03\/cropped-fpmaam_logo.png","width":240,"height":240,"caption":"FPMA Aix Marseille - EGLISE PROTESTANTE MALGACHE EN FRANCE"},"image":{"@id":"https:\/\/fpmaam.org\/ministere2\/#\/schema\/logo\/image\/"}}]}},"_links":{"self":[{"href":"https:\/\/fpmaam.org\/ministere2\/wp-json\/wp\/v2\/pages\/11","targetHints":{"allow":["GET"]}}],"collection":[{"href":"https:\/\/fpmaam.org\/ministere2\/wp-json\/wp\/v2\/pages"}],"about":[{"href":"https:\/\/fpmaam.org\/ministere2\/wp-json\/wp\/v2\/types\/page"}],"author":[{"embeddable":true,"href":"https:\/\/fpmaam.org\/ministere2\/wp-json\/wp\/v2\/users\/2"}],"replies":[{"embeddable":true,"href":"https:\/\/fpmaam.org\/ministere2\/wp-json\/wp\/v2\/comments?post=11"}],"version-history":[{"count":0,"href":"https:\/\/fpmaam.org\/ministere2\/wp-json\/wp\/v2\/pages\/11\/revisions"}],"up":[{"embeddable":true,"href":"https:\/\/fpmaam.org\/ministere2\/wp-json\/wp\/v2\/pages\/435"}],"wp:attachment":[{"href":"https:\/\/fpmaam.org\/ministere2\/wp-json\/wp\/v2\/media?parent=11"}],"curies":[{"name":"wp","href":"https:\/\/api.w.org\/{rel}","templated":true}]}}