{"id":15130,"date":"2021-10-15T09:29:03","date_gmt":"2021-10-15T09:29:03","guid":{"rendered":"https:\/\/fpmaam.org\/ministere2\/teluro\/"},"modified":"2025-03-24T21:50:32","modified_gmt":"2025-03-24T21:50:32","slug":"front-page-2","status":"publish","type":"page","link":"https:\/\/fpmaam.org\/ministere2\/","title":{"rendered":"Bienvenue &#8211; Tonga soa"},"content":{"rendered":"<div class=\"vc_row wpb_row vc_row-fluid\"><div class=\"wpb_column vc_column_container vc_col-sm-12 vc_col-lg-12 vc_col-sm-offset-0\"><div class=\"vc_column-inner\"><div class=\"wpb_wrapper\">\n\t<div  class=\"wpb_single_image wpb_content_element vc_align_center\">\n\t\t\n\t\t<figure class=\"wpb_wrapper vc_figure\">\n\t\t\t<div class=\"vc_single_image-wrapper   vc_box_border_grey\"><img loading=\"lazy\" decoding=\"async\" width=\"840\" height=\"473\" src=\"https:\/\/fpmaam.org\/ministere2\/wp-content\/uploads\/2025\/03\/Carton-Dedicace-1024x576.png\" class=\"vc_single_image-img attachment-large\" alt=\"\" title=\"Carton D\u00e9dicace\" srcset=\"https:\/\/fpmaam.org\/ministere2\/wp-content\/uploads\/2025\/03\/Carton-Dedicace-1024x576.png 1024w, https:\/\/fpmaam.org\/ministere2\/wp-content\/uploads\/2025\/03\/Carton-Dedicace-300x169.png 300w, https:\/\/fpmaam.org\/ministere2\/wp-content\/uploads\/2025\/03\/Carton-Dedicace-768x432.png 768w, https:\/\/fpmaam.org\/ministere2\/wp-content\/uploads\/2025\/03\/Carton-Dedicace-1536x864.png 1536w, https:\/\/fpmaam.org\/ministere2\/wp-content\/uploads\/2025\/03\/Carton-Dedicace-320x180.png 320w, https:\/\/fpmaam.org\/ministere2\/wp-content\/uploads\/2025\/03\/Carton-Dedicace-480x270.png 480w, https:\/\/fpmaam.org\/ministere2\/wp-content\/uploads\/2025\/03\/Carton-Dedicace-800x450.png 800w, https:\/\/fpmaam.org\/ministere2\/wp-content\/uploads\/2025\/03\/Carton-Dedicace-1568x882.png 1568w, https:\/\/fpmaam.org\/ministere2\/wp-content\/uploads\/2025\/03\/Carton-Dedicace.png 1920w\" sizes=\"auto, (max-width: 709px) 85vw, (max-width: 909px) 67vw, (max-width: 1362px) 62vw, 840px\" \/><\/div>\n\t\t<\/figure>\n\t<\/div>\n\n\t<div class=\"wpb_text_column wpb_content_element \" >\n\t\t<div class=\"wpb_wrapper\">\n\t\t\t<p><strong>Inscrivez-vous \u00e0 la C\u00e9r\u00e9monie de d\u00e9dicace de la FPMA Aix-Marseille, en l\u2019Eglise Sainte Emilie de Vialar<\/strong><\/p>\n<p>&nbsp;<\/p>\n<p><strong>Il y a 16 ans, la FPMA Aix-Marseille a lanc\u00e9 ce projet un peu fou, l\u2019op\u00e9ration \u00ab Pi\u00e8ces jaunes \u00bb, <\/strong>que nous mettions de c\u00f4t\u00e9 dans l\u2019espoir d\u2019acqu\u00e9rir, un jour notre lieu de culte.<\/p>\n<p>16 ans qu\u2019on a os\u00e9 r\u00eaver, qu\u2019on a os\u00e9 voir grand et au-del\u00e0 de ce que nous avions.<\/p>\n<p>16 ans plus tard&#8230; C&rsquo;est avec une grande joie et une profonde gratitude envers le Seigneur que nous vous invitons \u00e0 la <strong>C\u00e9r\u00e9monie de d\u00e9dicace de notre paroisse FPMA Aix-Marseille<\/strong>, en l\u2019Eglise Sainte Emilie de Vialar, <strong>le samedi 28 juin prochain \u00e0 11h.<\/strong><\/p>\n<p>&nbsp;<\/p>\n<p>Cet \u00e9v\u00e9nement marquera la <strong>cons\u00e9cration de cette maison de pri\u00e8re<\/strong>, <strong>d\u00e9di\u00e9e \u00e0 la gloire du Seigneur et au service de Sa mission.<\/strong><\/p>\n<p><strong>\u00a0<\/strong><\/p>\n<p><strong>Au programme de cette journ\u00e9e\u00a0:<\/strong><\/p>\n<ul>\n<li>Culte de reconnaissance<\/li>\n<li>Discours officiels &amp; C\u00e9r\u00e9monie de la pause de la plaque \u00ab\u00a0Architecture contemporaine remarquable\u00a0\u00bb par le Minist\u00e8re de la Culture<\/li>\n<li>Cocktail d\u00e9jeunatoire<\/li>\n<li>Animations festives<\/li>\n<\/ul>\n<p>&nbsp;<\/p>\n<p><strong>Venez nombreux<\/strong> partager cette \u00e9tape importante dans la vie de notre paroisse.<\/p>\n<p>Votre pr\u00e9sence sera une source de joie et de communion fraternelle.<\/p>\n<p>&nbsp;<\/p>\n<p><strong>L\u2019inscription est obligatoire avant le 30 avril 2025,<a href=\"https:\/\/docs.google.com\/forms\/d\/e\/1FAIpQLSeM6hCdN187QRSNkYxUpw-qlMS7bU_J4a2JNMCforqS4GS4HA\/viewform\">en cliquant ici<\/a>.<\/strong><\/p>\n\n\t\t<\/div>\n\t<\/div>\n\n\t<div class=\"wpb_text_column wpb_content_element \" >\n\t\t<div class=\"wpb_wrapper\">\n\t\t\t\n\t\t<\/div>\n\t<\/div>\n<\/div><\/div><\/div><div class=\"wpb_column vc_column_container vc_col-sm-12\"><div class=\"vc_column-inner\"><div class=\"wpb_wrapper\"><\/div><\/div><\/div><\/div><div class=\"vc_row wpb_row vc_row-fluid\"><div class=\"wpb_column vc_column_container vc_col-sm-4\"><div class=\"vc_column-inner\"><div class=\"wpb_wrapper\"><\/div><\/div><\/div><div class=\"wpb_column vc_column_container vc_col-sm-4\"><div class=\"vc_column-inner\"><div class=\"wpb_wrapper\"><\/div><\/div><\/div><div class=\"wpb_column vc_column_container vc_col-sm-4\"><div class=\"vc_column-inner\"><div class=\"wpb_wrapper\"><\/div><\/div><\/div><\/div><div class=\"vc_row wpb_row vc_row-fluid\"><div class=\"wpb_column vc_column_container vc_col-sm-12\"><div class=\"vc_column-inner\"><div class=\"wpb_wrapper\">\n\t<div class=\"wpb_text_column wpb_content_element \" >\n\t\t<div class=\"wpb_wrapper\">\n\t\t\t\n\t\t<\/div>\n\t<\/div>\n<\/div><\/div><\/div><\/div>\n","protected":false},"excerpt":{"rendered":"Inscrivez-vous \u00e0 la C\u00e9r\u00e9monie de d\u00e9dicace de la FPMA Aix-Marseille, en l\u2019Eglise Sainte Emilie de Vialar &nbsp; Il y a 16 ans, la FPMA Aix-Marseille a lanc\u00e9 ce projet un peu fou, l\u2019op\u00e9ration \u00ab Pi\u00e8ces jaunes \u00bb, que nous mettions de c\u00f4t\u00e9 dans l\u2019espoir d\u2019acqu\u00e9rir, un jour notre lieu de culte. 16 ans qu\u2019on a &hellip; <a href=\"https:\/\/fpmaam.org\/ministere2\/\" class=\"more-link\">Continuer la lecture<span class=\"screen-reader-text\"> de &laquo;&nbsp;Bienvenue &#8211; Tonga soa&nbsp;&raquo;<\/span><\/a>","protected":false},"author":1,"featured_media":0,"parent":0,"menu_order":0,"comment_status":"closed","ping_status":"closed","template":"","meta":{"footnotes":""},"class_list":["post-15130","page","type-page","status-publish","hentry"],"yoast_head":"<!-- This site is optimized with the Yoast SEO plugin v26.8 - https:\/\/yoast.com\/product\/yoast-seo-wordpress\/ -->\n<title>Bienvenue - Tonga soa - FPMA Aix Marseille - EGLISE PROTESTANTE MALGACHE EN FRANCE<\/title>\n<meta name=\"description\" content=\"Nous sommes l&#039;\u00e9glise protestante malgache FPMA .Nous voulons impacterdans la communaut\u00e9 malgache, et dans notre quartier. Nous nous engageons dans une d\u00e9marche environnementale.\" \/>\n<meta name=\"robots\" content=\"index, follow, max-snippet:-1, max-image-preview:large, max-video-preview:-1\" \/>\n<link rel=\"canonical\" href=\"https:\/\/fpmaam.org\/ministere2\/\" \/>\n<meta property=\"og:locale\" content=\"fr_FR\" \/>\n<meta property=\"og:type\" content=\"article\" \/>\n<meta property=\"og:title\" content=\"Bienvenue - Tonga soa - FPMA Aix Marseille - EGLISE PROTESTANTE MALGACHE EN FRANCE\" \/>\n<meta property=\"og:description\" content=\"Nous sommes l&#039;\u00e9glise protestante malgache FPMA .Nous voulons impacterdans la communaut\u00e9 malgache, et dans notre quartier. Nous nous engageons dans une d\u00e9marche environnementale.\" \/>\n<meta property=\"og:url\" content=\"https:\/\/fpmaam.org\/ministere2\/\" \/>\n<meta property=\"og:site_name\" content=\"FPMA Aix Marseille - EGLISE PROTESTANTE MALGACHE EN FRANCE\" \/>\n<meta property=\"article:modified_time\" content=\"2025-03-24T21:50:32+00:00\" \/>\n<meta property=\"og:image\" content=\"https:\/\/fpmaam.org\/ministere2\/wp-content\/uploads\/2021\/04\/cropped-fpmaam.jpg\" \/>\n\t<meta property=\"og:image:width\" content=\"380\" \/>\n\t<meta property=\"og:image:height\" content=\"380\" \/>\n\t<meta property=\"og:image:type\" content=\"image\/jpeg\" \/>\n<meta name=\"twitter:card\" content=\"summary_large_image\" \/>\n<meta name=\"twitter:label1\" content=\"Dur\u00e9e de lecture estim\u00e9e\" \/>\n\t<meta name=\"twitter:data1\" content=\"2 minutes\" \/>\n<script type=\"application\/ld+json\" class=\"yoast-schema-graph\">{\"@context\":\"https:\/\/schema.org\",\"@graph\":[{\"@type\":\"WebPage\",\"@id\":\"https:\/\/fpmaam.org\/ministere2\/\",\"url\":\"https:\/\/fpmaam.org\/ministere2\/\",\"name\":\"Bienvenue - Tonga soa - FPMA Aix Marseille - EGLISE PROTESTANTE MALGACHE EN FRANCE\",\"isPartOf\":{\"@id\":\"https:\/\/fpmaam.org\/ministere2\/#website\"},\"datePublished\":\"2021-10-15T09:29:03+00:00\",\"dateModified\":\"2025-03-24T21:50:32+00:00\",\"description\":\"Nous sommes l'\u00e9glise protestante malgache FPMA .Nous voulons impacterdans la communaut\u00e9 malgache, et dans notre quartier. Nous nous engageons dans une d\u00e9marche environnementale.\",\"breadcrumb\":{\"@id\":\"https:\/\/fpmaam.org\/ministere2\/#breadcrumb\"},\"inLanguage\":\"fr-FR\",\"potentialAction\":[{\"@type\":\"ReadAction\",\"target\":[\"https:\/\/fpmaam.org\/ministere2\/\"]}]},{\"@type\":\"BreadcrumbList\",\"@id\":\"https:\/\/fpmaam.org\/ministere2\/#breadcrumb\",\"itemListElement\":[{\"@type\":\"ListItem\",\"position\":1,\"name\":\"Accueil\",\"item\":\"https:\/\/fpmaam.org\/ministere2\/\"},{\"@type\":\"ListItem\",\"position\":2,\"name\":\"Bienvenue &#8211; Tonga soa\"}]},{\"@type\":\"WebSite\",\"@id\":\"https:\/\/fpmaam.org\/ministere2\/#website\",\"url\":\"https:\/\/fpmaam.org\/ministere2\/\",\"name\":\"FPMA Aix Marseille - EGLISE PROTESTANTE MALGACHE EN FRANCE\",\"description\":\"\",\"publisher\":{\"@id\":\"https:\/\/fpmaam.org\/ministere2\/#organization\"},\"potentialAction\":[{\"@type\":\"SearchAction\",\"target\":{\"@type\":\"EntryPoint\",\"urlTemplate\":\"https:\/\/fpmaam.org\/ministere2\/?s={search_term_string}\"},\"query-input\":{\"@type\":\"PropertyValueSpecification\",\"valueRequired\":true,\"valueName\":\"search_term_string\"}}],\"inLanguage\":\"fr-FR\"},{\"@type\":\"Organization\",\"@id\":\"https:\/\/fpmaam.org\/ministere2\/#organization\",\"name\":\"FPMA Aix Marseille - EGLISE PROTESTANTE MALGACHE EN FRANCE\",\"url\":\"https:\/\/fpmaam.org\/ministere2\/\",\"logo\":{\"@type\":\"ImageObject\",\"inLanguage\":\"fr-FR\",\"@id\":\"https:\/\/fpmaam.org\/ministere2\/#\/schema\/logo\/image\/\",\"url\":\"https:\/\/fpmaam.org\/ministere2\/wp-content\/uploads\/2025\/03\/cropped-fpmaam_logo.png\",\"contentUrl\":\"https:\/\/fpmaam.org\/ministere2\/wp-content\/uploads\/2025\/03\/cropped-fpmaam_logo.png\",\"width\":240,\"height\":240,\"caption\":\"FPMA Aix Marseille - EGLISE PROTESTANTE MALGACHE EN FRANCE\"},\"image\":{\"@id\":\"https:\/\/fpmaam.org\/ministere2\/#\/schema\/logo\/image\/\"}}]}<\/script>\n<!-- \/ Yoast SEO plugin. -->","yoast_head_json":{"title":"Bienvenue - Tonga soa - FPMA Aix Marseille - EGLISE PROTESTANTE MALGACHE EN FRANCE","description":"Nous sommes l'\u00e9glise protestante malgache FPMA .Nous voulons impacterdans la communaut\u00e9 malgache, et dans notre quartier. Nous nous engageons dans une d\u00e9marche environnementale.","robots":{"index":"index","follow":"follow","max-snippet":"max-snippet:-1","max-image-preview":"max-image-preview:large","max-video-preview":"max-video-preview:-1"},"canonical":"https:\/\/fpmaam.org\/ministere2\/","og_locale":"fr_FR","og_type":"article","og_title":"Bienvenue - Tonga soa - FPMA Aix Marseille - EGLISE PROTESTANTE MALGACHE EN FRANCE","og_description":"Nous sommes l'\u00e9glise protestante malgache FPMA .Nous voulons impacterdans la communaut\u00e9 malgache, et dans notre quartier. Nous nous engageons dans une d\u00e9marche environnementale.","og_url":"https:\/\/fpmaam.org\/ministere2\/","og_site_name":"FPMA Aix Marseille - EGLISE PROTESTANTE MALGACHE EN FRANCE","article_modified_time":"2025-03-24T21:50:32+00:00","og_image":[{"width":380,"height":380,"url":"https:\/\/fpmaam.org\/ministere2\/wp-content\/uploads\/2021\/04\/cropped-fpmaam.jpg","type":"image\/jpeg"}],"twitter_card":"summary_large_image","twitter_misc":{"Dur\u00e9e de lecture estim\u00e9e":"2 minutes"},"schema":{"@context":"https:\/\/schema.org","@graph":[{"@type":"WebPage","@id":"https:\/\/fpmaam.org\/ministere2\/","url":"https:\/\/fpmaam.org\/ministere2\/","name":"Bienvenue - Tonga soa - FPMA Aix Marseille - EGLISE PROTESTANTE MALGACHE EN FRANCE","isPartOf":{"@id":"https:\/\/fpmaam.org\/ministere2\/#website"},"datePublished":"2021-10-15T09:29:03+00:00","dateModified":"2025-03-24T21:50:32+00:00","description":"Nous sommes l'\u00e9glise protestante malgache FPMA .Nous voulons impacterdans la communaut\u00e9 malgache, et dans notre quartier. Nous nous engageons dans une d\u00e9marche environnementale.","breadcrumb":{"@id":"https:\/\/fpmaam.org\/ministere2\/#breadcrumb"},"inLanguage":"fr-FR","potentialAction":[{"@type":"ReadAction","target":["https:\/\/fpmaam.org\/ministere2\/"]}]},{"@type":"BreadcrumbList","@id":"https:\/\/fpmaam.org\/ministere2\/#breadcrumb","itemListElement":[{"@type":"ListItem","position":1,"name":"Accueil","item":"https:\/\/fpmaam.org\/ministere2\/"},{"@type":"ListItem","position":2,"name":"Bienvenue &#8211; Tonga soa"}]},{"@type":"WebSite","@id":"https:\/\/fpmaam.org\/ministere2\/#website","url":"https:\/\/fpmaam.org\/ministere2\/","name":"FPMA Aix Marseille - EGLISE PROTESTANTE MALGACHE EN FRANCE","description":"","publisher":{"@id":"https:\/\/fpmaam.org\/ministere2\/#organization"},"potentialAction":[{"@type":"SearchAction","target":{"@type":"EntryPoint","urlTemplate":"https:\/\/fpmaam.org\/ministere2\/?s={search_term_string}"},"query-input":{"@type":"PropertyValueSpecification","valueRequired":true,"valueName":"search_term_string"}}],"inLanguage":"fr-FR"},{"@type":"Organization","@id":"https:\/\/fpmaam.org\/ministere2\/#organization","name":"FPMA Aix Marseille - EGLISE PROTESTANTE MALGACHE EN FRANCE","url":"https:\/\/fpmaam.org\/ministere2\/","logo":{"@type":"ImageObject","inLanguage":"fr-FR","@id":"https:\/\/fpmaam.org\/ministere2\/#\/schema\/logo\/image\/","url":"https:\/\/fpmaam.org\/ministere2\/wp-content\/uploads\/2025\/03\/cropped-fpmaam_logo.png","contentUrl":"https:\/\/fpmaam.org\/ministere2\/wp-content\/uploads\/2025\/03\/cropped-fpmaam_logo.png","width":240,"height":240,"caption":"FPMA Aix Marseille - EGLISE PROTESTANTE MALGACHE EN FRANCE"},"image":{"@id":"https:\/\/fpmaam.org\/ministere2\/#\/schema\/logo\/image\/"}}]}},"_links":{"self":[{"href":"https:\/\/fpmaam.org\/ministere2\/wp-json\/wp\/v2\/pages\/15130","targetHints":{"allow":["GET"]}}],"collection":[{"href":"https:\/\/fpmaam.org\/ministere2\/wp-json\/wp\/v2\/pages"}],"about":[{"href":"https:\/\/fpmaam.org\/ministere2\/wp-json\/wp\/v2\/types\/page"}],"author":[{"embeddable":true,"href":"https:\/\/fpmaam.org\/ministere2\/wp-json\/wp\/v2\/users\/1"}],"replies":[{"embeddable":true,"href":"https:\/\/fpmaam.org\/ministere2\/wp-json\/wp\/v2\/comments?post=15130"}],"version-history":[{"count":17,"href":"https:\/\/fpmaam.org\/ministere2\/wp-json\/wp\/v2\/pages\/15130\/revisions"}],"predecessor-version":[{"id":15478,"href":"https:\/\/fpmaam.org\/ministere2\/wp-json\/wp\/v2\/pages\/15130\/revisions\/15478"}],"wp:attachment":[{"href":"https:\/\/fpmaam.org\/ministere2\/wp-json\/wp\/v2\/media?parent=15130"}],"curies":[{"name":"wp","href":"https:\/\/api.w.org\/{rel}","templated":true}]}}