{"id":719,"date":"2011-08-27T18:32:09","date_gmt":"2011-08-27T17:32:09","guid":{"rendered":"http:\/\/fpmaaixmarseille.free.fr\/fpmaam\/?page_id=485"},"modified":"2015-06-05T22:27:33","modified_gmt":"2015-06-05T22:27:33","slug":"confirmation","status":"publish","type":"page","link":"https:\/\/fpmaam.org\/ministere2\/sengager\/sa-vie\/confirmation\/","title":{"rendered":"Confirmation"},"content":{"rendered":"<p><a href=\"http:\/\/fpmaaixmarseille.free.fr\/fpmaam\/wp-content\/uploads\/Confirmation.jpg\"><img loading=\"lazy\" decoding=\"async\" class=\"size-full wp-image-530 alignleft\" title=\"Confirmation FPMA Aix Marseille\" src=\"http:\/\/fpmaaixmarseille.free.fr\/fpmaam\/wp-content\/uploads\/Confirmation.jpg\" alt=\"\" width=\"289\" height=\"387\" \/><\/a>La confirmation est normalement un acte personnel, librement choisi par le confirmant.<br \/>\nElle est le renouvellement ou l&rsquo;approbation du bapt\u00eame mais aussi un acte par lequel le confirmant s&rsquo;engage publiquement \u00e0 une vie chr\u00e9tienne.<br \/>\nElle donne lieu \u00e0 un culte dominical au sein de la paroisse impliquant la dimension communautaire devant laquelle le confirmant est appel\u00e9 \u00e0 prendre un engagement.<\/p>\n","protected":false},"excerpt":{"rendered":"<p>La confirmation est normalement un acte personnel, librement choisi par le confirmant. Elle est le renouvellement ou l&rsquo;approbation du bapt\u00eame mais aussi un acte par lequel le confirmant s&rsquo;engage publiquement \u00e0 une vie chr\u00e9tienne. Elle donne lieu \u00e0 un culte dominical au sein de la paroisse impliquant la dimension communautaire devant laquelle le confirmant est &hellip; <a href=\"https:\/\/fpmaam.org\/ministere2\/sengager\/sa-vie\/confirmation\/\" class=\"more-link\">Continuer la lecture<span class=\"screen-reader-text\"> de &laquo;&nbsp;Confirmation&nbsp;&raquo;<\/span><\/a><\/p>\n","protected":false},"author":2,"featured_media":0,"parent":1643,"menu_order":2,"comment_status":"open","ping_status":"open","template":"","meta":{"footnotes":""},"class_list":["post-719","page","type-page","status-publish","hentry"],"yoast_head":"<!-- This site is optimized with the Yoast SEO plugin v26.8 - https:\/\/yoast.com\/product\/yoast-seo-wordpress\/ -->\n<title>Confirmation - FPMA Aix Marseille - EGLISE PROTESTANTE MALGACHE EN FRANCE<\/title>\n<meta name=\"robots\" content=\"index, follow, max-snippet:-1, max-image-preview:large, max-video-preview:-1\" \/>\n<link rel=\"canonical\" href=\"https:\/\/fpmaam.org\/ministere2\/sengager\/sa-vie\/confirmation\/\" \/>\n<meta property=\"og:locale\" content=\"fr_FR\" \/>\n<meta property=\"og:type\" content=\"article\" \/>\n<meta property=\"og:title\" content=\"Confirmation - FPMA Aix Marseille - EGLISE PROTESTANTE MALGACHE EN FRANCE\" \/>\n<meta property=\"og:description\" content=\"La confirmation est normalement un acte personnel, librement choisi par le confirmant. Elle est le renouvellement ou l&rsquo;approbation du bapt\u00eame mais aussi un acte par lequel le confirmant s&rsquo;engage publiquement \u00e0 une vie chr\u00e9tienne. Elle donne lieu \u00e0 un culte dominical au sein de la paroisse impliquant la dimension communautaire devant laquelle le confirmant est &hellip; Continuer la lecture de &laquo;&nbsp;Confirmation&nbsp;&raquo;\" \/>\n<meta property=\"og:url\" content=\"https:\/\/fpmaam.org\/ministere2\/sengager\/sa-vie\/confirmation\/\" \/>\n<meta property=\"og:site_name\" content=\"FPMA Aix Marseille - EGLISE PROTESTANTE MALGACHE EN FRANCE\" \/>\n<meta property=\"article:modified_time\" content=\"2015-06-05T22:27:33+00:00\" \/>\n<meta property=\"og:image\" content=\"http:\/\/fpmaaixmarseille.free.fr\/fpmaam\/wp-content\/uploads\/Confirmation.jpg\" \/>\n<meta name=\"twitter:card\" content=\"summary_large_image\" \/>\n<script type=\"application\/ld+json\" class=\"yoast-schema-graph\">{\"@context\":\"https:\/\/schema.org\",\"@graph\":[{\"@type\":\"WebPage\",\"@id\":\"https:\/\/fpmaam.org\/ministere2\/sengager\/sa-vie\/confirmation\/\",\"url\":\"https:\/\/fpmaam.org\/ministere2\/sengager\/sa-vie\/confirmation\/\",\"name\":\"Confirmation - FPMA Aix Marseille - EGLISE PROTESTANTE MALGACHE EN FRANCE\",\"isPartOf\":{\"@id\":\"https:\/\/fpmaam.org\/ministere2\/#website\"},\"primaryImageOfPage\":{\"@id\":\"https:\/\/fpmaam.org\/ministere2\/sengager\/sa-vie\/confirmation\/#primaryimage\"},\"image\":{\"@id\":\"https:\/\/fpmaam.org\/ministere2\/sengager\/sa-vie\/confirmation\/#primaryimage\"},\"thumbnailUrl\":\"http:\/\/fpmaaixmarseille.free.fr\/fpmaam\/wp-content\/uploads\/Confirmation.jpg\",\"datePublished\":\"2011-08-27T17:32:09+00:00\",\"dateModified\":\"2015-06-05T22:27:33+00:00\",\"breadcrumb\":{\"@id\":\"https:\/\/fpmaam.org\/ministere2\/sengager\/sa-vie\/confirmation\/#breadcrumb\"},\"inLanguage\":\"fr-FR\",\"potentialAction\":[{\"@type\":\"ReadAction\",\"target\":[\"https:\/\/fpmaam.org\/ministere2\/sengager\/sa-vie\/confirmation\/\"]}]},{\"@type\":\"ImageObject\",\"inLanguage\":\"fr-FR\",\"@id\":\"https:\/\/fpmaam.org\/ministere2\/sengager\/sa-vie\/confirmation\/#primaryimage\",\"url\":\"http:\/\/fpmaaixmarseille.free.fr\/fpmaam\/wp-content\/uploads\/Confirmation.jpg\",\"contentUrl\":\"http:\/\/fpmaaixmarseille.free.fr\/fpmaam\/wp-content\/uploads\/Confirmation.jpg\"},{\"@type\":\"BreadcrumbList\",\"@id\":\"https:\/\/fpmaam.org\/ministere2\/sengager\/sa-vie\/confirmation\/#breadcrumb\",\"itemListElement\":[{\"@type\":\"ListItem\",\"position\":1,\"name\":\"Accueil\",\"item\":\"https:\/\/fpmaam.org\/ministere2\/\"},{\"@type\":\"ListItem\",\"position\":2,\"name\":\"Engager&#8230;\",\"item\":\"https:\/\/fpmaam.org\/ministere2\/sengager\/\"},{\"@type\":\"ListItem\",\"position\":3,\"name\":\"&#8230; sa vie !\",\"item\":\"https:\/\/fpmaam.org\/ministere2\/sengager\/sa-vie\/\"},{\"@type\":\"ListItem\",\"position\":4,\"name\":\"Confirmation\"}]},{\"@type\":\"WebSite\",\"@id\":\"https:\/\/fpmaam.org\/ministere2\/#website\",\"url\":\"https:\/\/fpmaam.org\/ministere2\/\",\"name\":\"FPMA Aix Marseille - EGLISE PROTESTANTE MALGACHE EN FRANCE\",\"description\":\"\",\"publisher\":{\"@id\":\"https:\/\/fpmaam.org\/ministere2\/#organization\"},\"potentialAction\":[{\"@type\":\"SearchAction\",\"target\":{\"@type\":\"EntryPoint\",\"urlTemplate\":\"https:\/\/fpmaam.org\/ministere2\/?s={search_term_string}\"},\"query-input\":{\"@type\":\"PropertyValueSpecification\",\"valueRequired\":true,\"valueName\":\"search_term_string\"}}],\"inLanguage\":\"fr-FR\"},{\"@type\":\"Organization\",\"@id\":\"https:\/\/fpmaam.org\/ministere2\/#organization\",\"name\":\"FPMA Aix Marseille - EGLISE PROTESTANTE MALGACHE EN FRANCE\",\"url\":\"https:\/\/fpmaam.org\/ministere2\/\",\"logo\":{\"@type\":\"ImageObject\",\"inLanguage\":\"fr-FR\",\"@id\":\"https:\/\/fpmaam.org\/ministere2\/#\/schema\/logo\/image\/\",\"url\":\"https:\/\/fpmaam.org\/ministere2\/wp-content\/uploads\/2025\/03\/cropped-fpmaam_logo.png\",\"contentUrl\":\"https:\/\/fpmaam.org\/ministere2\/wp-content\/uploads\/2025\/03\/cropped-fpmaam_logo.png\",\"width\":240,\"height\":240,\"caption\":\"FPMA Aix Marseille - EGLISE PROTESTANTE MALGACHE EN FRANCE\"},\"image\":{\"@id\":\"https:\/\/fpmaam.org\/ministere2\/#\/schema\/logo\/image\/\"}}]}<\/script>\n<!-- \/ Yoast SEO plugin. -->","yoast_head_json":{"title":"Confirmation - FPMA Aix Marseille - EGLISE PROTESTANTE MALGACHE EN FRANCE","robots":{"index":"index","follow":"follow","max-snippet":"max-snippet:-1","max-image-preview":"max-image-preview:large","max-video-preview":"max-video-preview:-1"},"canonical":"https:\/\/fpmaam.org\/ministere2\/sengager\/sa-vie\/confirmation\/","og_locale":"fr_FR","og_type":"article","og_title":"Confirmation - FPMA Aix Marseille - EGLISE PROTESTANTE MALGACHE EN FRANCE","og_description":"La confirmation est normalement un acte personnel, librement choisi par le confirmant. Elle est le renouvellement ou l&rsquo;approbation du bapt\u00eame mais aussi un acte par lequel le confirmant s&rsquo;engage publiquement \u00e0 une vie chr\u00e9tienne. Elle donne lieu \u00e0 un culte dominical au sein de la paroisse impliquant la dimension communautaire devant laquelle le confirmant est &hellip; Continuer la lecture de &laquo;&nbsp;Confirmation&nbsp;&raquo;","og_url":"https:\/\/fpmaam.org\/ministere2\/sengager\/sa-vie\/confirmation\/","og_site_name":"FPMA Aix Marseille - EGLISE PROTESTANTE MALGACHE EN FRANCE","article_modified_time":"2015-06-05T22:27:33+00:00","og_image":[{"url":"http:\/\/fpmaaixmarseille.free.fr\/fpmaam\/wp-content\/uploads\/Confirmation.jpg","type":"","width":"","height":""}],"twitter_card":"summary_large_image","schema":{"@context":"https:\/\/schema.org","@graph":[{"@type":"WebPage","@id":"https:\/\/fpmaam.org\/ministere2\/sengager\/sa-vie\/confirmation\/","url":"https:\/\/fpmaam.org\/ministere2\/sengager\/sa-vie\/confirmation\/","name":"Confirmation - FPMA Aix Marseille - EGLISE PROTESTANTE MALGACHE EN FRANCE","isPartOf":{"@id":"https:\/\/fpmaam.org\/ministere2\/#website"},"primaryImageOfPage":{"@id":"https:\/\/fpmaam.org\/ministere2\/sengager\/sa-vie\/confirmation\/#primaryimage"},"image":{"@id":"https:\/\/fpmaam.org\/ministere2\/sengager\/sa-vie\/confirmation\/#primaryimage"},"thumbnailUrl":"http:\/\/fpmaaixmarseille.free.fr\/fpmaam\/wp-content\/uploads\/Confirmation.jpg","datePublished":"2011-08-27T17:32:09+00:00","dateModified":"2015-06-05T22:27:33+00:00","breadcrumb":{"@id":"https:\/\/fpmaam.org\/ministere2\/sengager\/sa-vie\/confirmation\/#breadcrumb"},"inLanguage":"fr-FR","potentialAction":[{"@type":"ReadAction","target":["https:\/\/fpmaam.org\/ministere2\/sengager\/sa-vie\/confirmation\/"]}]},{"@type":"ImageObject","inLanguage":"fr-FR","@id":"https:\/\/fpmaam.org\/ministere2\/sengager\/sa-vie\/confirmation\/#primaryimage","url":"http:\/\/fpmaaixmarseille.free.fr\/fpmaam\/wp-content\/uploads\/Confirmation.jpg","contentUrl":"http:\/\/fpmaaixmarseille.free.fr\/fpmaam\/wp-content\/uploads\/Confirmation.jpg"},{"@type":"BreadcrumbList","@id":"https:\/\/fpmaam.org\/ministere2\/sengager\/sa-vie\/confirmation\/#breadcrumb","itemListElement":[{"@type":"ListItem","position":1,"name":"Accueil","item":"https:\/\/fpmaam.org\/ministere2\/"},{"@type":"ListItem","position":2,"name":"Engager&#8230;","item":"https:\/\/fpmaam.org\/ministere2\/sengager\/"},{"@type":"ListItem","position":3,"name":"&#8230; sa vie !","item":"https:\/\/fpmaam.org\/ministere2\/sengager\/sa-vie\/"},{"@type":"ListItem","position":4,"name":"Confirmation"}]},{"@type":"WebSite","@id":"https:\/\/fpmaam.org\/ministere2\/#website","url":"https:\/\/fpmaam.org\/ministere2\/","name":"FPMA Aix Marseille - EGLISE PROTESTANTE MALGACHE EN FRANCE","description":"","publisher":{"@id":"https:\/\/fpmaam.org\/ministere2\/#organization"},"potentialAction":[{"@type":"SearchAction","target":{"@type":"EntryPoint","urlTemplate":"https:\/\/fpmaam.org\/ministere2\/?s={search_term_string}"},"query-input":{"@type":"PropertyValueSpecification","valueRequired":true,"valueName":"search_term_string"}}],"inLanguage":"fr-FR"},{"@type":"Organization","@id":"https:\/\/fpmaam.org\/ministere2\/#organization","name":"FPMA Aix Marseille - EGLISE PROTESTANTE MALGACHE EN FRANCE","url":"https:\/\/fpmaam.org\/ministere2\/","logo":{"@type":"ImageObject","inLanguage":"fr-FR","@id":"https:\/\/fpmaam.org\/ministere2\/#\/schema\/logo\/image\/","url":"https:\/\/fpmaam.org\/ministere2\/wp-content\/uploads\/2025\/03\/cropped-fpmaam_logo.png","contentUrl":"https:\/\/fpmaam.org\/ministere2\/wp-content\/uploads\/2025\/03\/cropped-fpmaam_logo.png","width":240,"height":240,"caption":"FPMA Aix Marseille - EGLISE PROTESTANTE MALGACHE EN FRANCE"},"image":{"@id":"https:\/\/fpmaam.org\/ministere2\/#\/schema\/logo\/image\/"}}]}},"_links":{"self":[{"href":"https:\/\/fpmaam.org\/ministere2\/wp-json\/wp\/v2\/pages\/719","targetHints":{"allow":["GET"]}}],"collection":[{"href":"https:\/\/fpmaam.org\/ministere2\/wp-json\/wp\/v2\/pages"}],"about":[{"href":"https:\/\/fpmaam.org\/ministere2\/wp-json\/wp\/v2\/types\/page"}],"author":[{"embeddable":true,"href":"https:\/\/fpmaam.org\/ministere2\/wp-json\/wp\/v2\/users\/2"}],"replies":[{"embeddable":true,"href":"https:\/\/fpmaam.org\/ministere2\/wp-json\/wp\/v2\/comments?post=719"}],"version-history":[{"count":2,"href":"https:\/\/fpmaam.org\/ministere2\/wp-json\/wp\/v2\/pages\/719\/revisions"}],"predecessor-version":[{"id":13444,"href":"https:\/\/fpmaam.org\/ministere2\/wp-json\/wp\/v2\/pages\/719\/revisions\/13444"}],"up":[{"embeddable":true,"href":"https:\/\/fpmaam.org\/ministere2\/wp-json\/wp\/v2\/pages\/1643"}],"wp:attachment":[{"href":"https:\/\/fpmaam.org\/ministere2\/wp-json\/wp\/v2\/media?parent=719"}],"curies":[{"name":"wp","href":"https:\/\/api.w.org\/{rel}","templated":true}]}}